{"id":944,"date":"2023-11-06T13:15:50","date_gmt":"2023-11-06T16:15:50","guid":{"rendered":"https:\/\/gustavogoni.com\/arte\/?page_id=944"},"modified":"2023-11-06T13:17:58","modified_gmt":"2023-11-06T16:17:58","slug":"muestra-de-marina-gryciuk-habitar-lo-blando","status":"publish","type":"page","link":"https:\/\/gustavogoni.com\/arte\/muestras\/muestra-de-marina-gryciuk-habitar-lo-blando\/","title":{"rendered":"Muestra de Marina Gryciuk: \u00abHabitar lo blando\u00bb"},"content":{"rendered":"<div class=\"wp-block-image\">\n<figure class=\"aligncenter size-full\"><a href=\"https:\/\/gustavogoni.com\/arte\/wp-content\/uploads\/2023\/11\/image.png\"><img loading=\"lazy\" decoding=\"async\" width=\"960\" height=\"620\" data-attachment-id=\"946\" data-permalink=\"https:\/\/gustavogoni.com\/arte\/muestras\/muestra-de-marina-gryciuk-habitar-lo-blando\/image\/\" data-orig-file=\"https:\/\/gustavogoni.com\/arte\/wp-content\/uploads\/2023\/11\/image.png\" data-orig-size=\"960,620\" data-comments-opened=\"1\" data-image-meta=\"{&quot;aperture&quot;:&quot;0&quot;,&quot;credit&quot;:&quot;&quot;,&quot;camera&quot;:&quot;&quot;,&quot;caption&quot;:&quot;&quot;,&quot;created_timestamp&quot;:&quot;0&quot;,&quot;copyright&quot;:&quot;&quot;,&quot;focal_length&quot;:&quot;0&quot;,&quot;iso&quot;:&quot;0&quot;,&quot;shutter_speed&quot;:&quot;0&quot;,&quot;title&quot;:&quot;&quot;,&quot;orientation&quot;:&quot;0&quot;}\" data-image-title=\"image\" data-image-description=\"\" data-image-caption=\"\" data-large-file=\"https:\/\/gustavogoni.com\/arte\/wp-content\/uploads\/2023\/11\/image.png\" src=\"https:\/\/gustavogoni.com\/arte\/wp-content\/uploads\/2023\/11\/image.png\" alt=\"\" class=\"wp-image-946\" srcset=\"https:\/\/gustavogoni.com\/arte\/wp-content\/uploads\/2023\/11\/image.png 960w, https:\/\/gustavogoni.com\/arte\/wp-content\/uploads\/2023\/11\/image-300x194.png 300w, https:\/\/gustavogoni.com\/arte\/wp-content\/uploads\/2023\/11\/image-768x496.png 768w\" sizes=\"auto, (max-width: 960px) 100vw, 960px\" \/><\/a><\/figure>\n<\/div>\n\n\n<p class=\"has-text-align-center\">Proyecto h\u00e1bitat &#8211; Instalaci\u00f3n, 2023. Foto de obra: Gustavo Go\u00f1i<\/p>\n\n\n\n<p><\/p>\n\n\n\n<p><\/p>\n\n\n\n<div id=\"wp-block-themeisle-blocks-advanced-columns-82d674e2\" class=\"wp-block-themeisle-blocks-advanced-columns alignfull has-2-columns has-desktop-equal-layout has-tablet-equal-layout has-mobile-collapsedRows-layout has-vertical-unset has-dark-bg\"><div class=\"wp-block-themeisle-blocks-advanced-columns-overlay\"><\/div><div class=\"innerblocks-wrap\">\n<div id=\"wp-block-themeisle-blocks-advanced-column-cff47bde\" class=\"wp-block-themeisle-blocks-advanced-column\">\n<div id=\"wp-block-themeisle-blocks-button-group-788e0e71\" class=\"wp-block-themeisle-blocks-button-group wp-block-buttons\">\n<div id=\"wp-block-themeisle-blocks-button-aefcd9fd\" class=\"wp-block-themeisle-blocks-button wp-block-button\"><a href=\"\" target=\"_self\" rel=\"noopener noreferrer\" class=\"wp-block-button__link\"><i class=\"fas fa-fw fa-map-marker-alt margin-right\"><\/i><span>Museo Municipal de Bellas Artes \u00abJuan B. Castagnino\u00bb, Bv. Oro\u00f1o y Av. Pellegrini, Rosario, Prov. de Santa Fe.<\/span><\/a><\/div>\n<\/div>\n\n\n\n<div id=\"wp-block-themeisle-blocks-button-group-9df2ffb2\" class=\"wp-block-themeisle-blocks-button-group wp-block-buttons\">\n<div id=\"wp-block-themeisle-blocks-button-78587249\" class=\"wp-block-themeisle-blocks-button wp-block-button\"><a href=\"\" target=\"_self\" rel=\"noopener noreferrer\" class=\"wp-block-button__link\"><i class=\"far fa-fw fa-calendar-alt margin-right\"><\/i><span>Fecha: del 17\/11\/2023 al 31\/03\/2024<\/span><\/a><\/div>\n<\/div>\n\n\n\n<div id=\"wp-block-themeisle-blocks-button-group-a316cd0d\" class=\"wp-block-themeisle-blocks-button-group wp-block-buttons\">\n<div id=\"wp-block-themeisle-blocks-button-c88003e6\" class=\"wp-block-themeisle-blocks-button wp-block-button\"><a href=\"\" target=\"_self\" rel=\"noopener noreferrer\" class=\"wp-block-button__link\"><i class=\"fas fa-fw fa-ticket-alt margin-right\"><\/i><span>Entrada: libre <\/span><\/a><\/div>\n<\/div>\n\n\n\n<div id=\"wp-block-themeisle-blocks-button-group-b5f9cb70\" class=\"wp-block-themeisle-blocks-button-group wp-block-buttons\">\n<div id=\"wp-block-themeisle-blocks-button-3c4e0c32\" class=\"wp-block-themeisle-blocks-button wp-block-button\"><a href=\"\" target=\"_self\" rel=\"noopener noreferrer\" class=\"wp-block-button__link\"><i class=\"fas fa-fw fa-palette margin-right\"><\/i><span>Marina Gryciuk<\/span><\/a><\/div>\n<\/div>\n<\/div>\n\n\n\n<div id=\"wp-block-themeisle-blocks-advanced-column-a1740b01\" class=\"wp-block-themeisle-blocks-advanced-column\">\n<h2 id=\"wp-block-themeisle-blocks-advanced-heading-b2ad9838\" class=\"wp-block-themeisle-blocks-advanced-heading wp-block-themeisle-blocks-advanced-heading-b2ad9838\">\u00abHabitar lo blando.<\/h2>\n\n\n\n<h2 id=\"wp-block-themeisle-blocks-advanced-heading-27dd987b\" class=\"wp-block-themeisle-blocks-advanced-heading wp-block-themeisle-blocks-advanced-heading-27dd987b\">Sistemas y rituales perif\u00e9ricos\u00bb<\/h2>\n\n\n\n<h4 id=\"wp-block-themeisle-blocks-advanced-heading-a778d0af\" class=\"wp-block-themeisle-blocks-advanced-heading wp-block-themeisle-blocks-advanced-heading-a778d0af\">Muestra de <strong>Marina gryciuk<\/strong> <\/h4>\n\n\n\n<h4 id=\"wp-block-themeisle-blocks-advanced-heading-f790102e\" class=\"wp-block-themeisle-blocks-advanced-heading wp-block-themeisle-blocks-advanced-heading-f790102e\">Curadora: Mar\u00eda Laura Carrascal<\/h4>\n\n\n\n<h4 id=\"wp-block-themeisle-blocks-advanced-heading-4768016e\" class=\"wp-block-themeisle-blocks-advanced-heading wp-block-themeisle-blocks-advanced-heading-4768016e\">obra fotogr\u00e1fica: Marina gryciuk, Gustavo Go\u00f1i. <\/h4>\n\n\n\n<h4 id=\"wp-block-themeisle-blocks-advanced-heading-2091749e\" class=\"wp-block-themeisle-blocks-advanced-heading wp-block-themeisle-blocks-advanced-heading-2091749e\">Producci\u00f3n: Roly Lo Giudice<\/h4>\n\n\n\n<hr class=\"wp-block-separator has-alpha-channel-opacity\"\/>\n\n\n\n<p>Tejer, entrelazar, coser, superponer telas, cruzar hilos e ideas caracterizan la obra de Marina Gryciuk, una creadora que produce en el terreno movedizo de las artes que impugnan las jerarqu\u00edas del canon moderno. Desde la d\u00e9cada de 1990 convierte en centro esos rituales perif\u00e9ricos que las artes aut\u00f3nomas hab\u00edan aislado como \u201clabores femeninas\u201d y se posiciona en el sistema art\u00edstico desde la blandura del material pero, tambi\u00e9n, a partir de un accionar escurridizo que no admite aprisionamientos conceptuales. En este sentido, resulta interesante su devenir profesional donde articula pr\u00e1cticas individuales y proyectos colectivos que impactaron en su producci\u00f3n, en lxs part\u00edcipes y en los espacios habitados por ellxs. Alguna de estas experiencias son la marca Qomi, resultado del intercambio de saberes y t\u00e9cnicas ancestrales con mujeres de la comunidad qom del Centro Cultural El Obrador y El Enredo, taller desarrollado con personas en situaci\u00f3n de encierro que coordina en el \u00faltimo tiempo con otras artistas y dise\u00f1adoras a trav\u00e9s de la ONG \u201cMujeres tras las rejas\u201d.<\/p>\n\n\n\n<p>Marina Gryciuk es una artista que dialoga con las tradiciones textiles del pasado y el presente, oscilando entre el \u00e1mbito de la pl\u00e1stica y el de las expresiones populares para seguir pensando su historia desde la trama que condensa saberes y encuentros. Su obra se sostiene en la pasi\u00f3n por las telas, la costura y el v\u00ednculo con el cuerpo en una relaci\u00f3n con tradiciones hist\u00f3ricas que actualiza desde el quehacer contempor\u00e1neo a partir de m\u00faltiples estrategias. Objetos textiles que funcionan de manera aut\u00f3noma y que pueden convertirse en accesorios vestimentarios, esferas de tela bordada con cuentas y pedrer\u00eda que se desplazan sin prejuicios entre el campo del arte y la decoraci\u00f3n son recursos que combina con registros audiovisuales y fotograf\u00edas de autor\u00eda compartida con Gustavo Go\u00f1i en una sociedad creativa de larga data, fundada en intereses afines.<\/p>\n\n\n\n<p>La preocupaci\u00f3n por las dimensiones simb\u00f3licas del cuerpo en relaci\u00f3n al entorno es constante en su producci\u00f3n, desde el barroquismo de colores y texturas de sus piezas\/accesorios, pasando por la materialidad vasta de collages y mu\u00f1ecxs realizados grupalmente, hasta la s\u00edntesis de sus \u00faltimas cester\u00edas que ofician de cris\u00e1lidas perforadas. En definitiva, es la creaci\u00f3n de un lenguaje textil singular lo que posibilita transformaciones en una obra enlazada por una preocupaci\u00f3n constante, la de mantener vivo el encuentro entre el arte y la vida.<\/p>\n\n\n\n<p>Mar\u00eda Laura Carrascal<\/p>\n<\/div>\n<\/div><\/div>\n","protected":false},"excerpt":{"rendered":"<p>Proyecto h\u00e1bitat &#8211; Instalaci\u00f3n, 2023. Foto de obra: Gustavo Go\u00f1i<\/p>\n","protected":false},"author":2,"featured_media":0,"parent":241,"menu_order":0,"comment_status":"closed","ping_status":"closed","template":"","meta":{"neve_meta_sidebar":"","neve_meta_container":"","neve_meta_enable_content_width":"","neve_meta_content_width":0,"neve_meta_title_alignment":"","neve_meta_author_avatar":"","neve_post_elements_order":"","neve_meta_disable_header":"","neve_meta_disable_footer":"","neve_meta_disable_title":"","advanced_seo_description":"","jetpack_seo_html_title":"","jetpack_seo_noindex":false,"_themeisle_gutenberg_block_has_review":false,"footnotes":""},"class_list":["post-944","page","type-page","status-publish","hentry"],"jetpack_sharing_enabled":true,"jetpack_likes_enabled":true,"_links":{"self":[{"href":"https:\/\/gustavogoni.com\/arte\/wp-json\/wp\/v2\/pages\/944","targetHints":{"allow":["GET"]}}],"collection":[{"href":"https:\/\/gustavogoni.com\/arte\/wp-json\/wp\/v2\/pages"}],"about":[{"href":"https:\/\/gustavogoni.com\/arte\/wp-json\/wp\/v2\/types\/page"}],"author":[{"embeddable":true,"href":"https:\/\/gustavogoni.com\/arte\/wp-json\/wp\/v2\/users\/2"}],"replies":[{"embeddable":true,"href":"https:\/\/gustavogoni.com\/arte\/wp-json\/wp\/v2\/comments?post=944"}],"version-history":[{"count":2,"href":"https:\/\/gustavogoni.com\/arte\/wp-json\/wp\/v2\/pages\/944\/revisions"}],"predecessor-version":[{"id":948,"href":"https:\/\/gustavogoni.com\/arte\/wp-json\/wp\/v2\/pages\/944\/revisions\/948"}],"up":[{"embeddable":true,"href":"https:\/\/gustavogoni.com\/arte\/wp-json\/wp\/v2\/pages\/241"}],"wp:attachment":[{"href":"https:\/\/gustavogoni.com\/arte\/wp-json\/wp\/v2\/media?parent=944"}],"curies":[{"name":"wp","href":"https:\/\/api.w.org\/{rel}","templated":true}]}}