{"id":910,"date":"2023-05-29T16:20:19","date_gmt":"2023-05-29T19:20:19","guid":{"rendered":"https:\/\/gustavogoni.com\/arte\/?page_id=910"},"modified":"2023-05-29T16:32:20","modified_gmt":"2023-05-29T19:32:20","slug":"fototropismo-en-la-unr","status":"publish","type":"page","link":"https:\/\/gustavogoni.com\/arte\/muestras\/fototropismo-en-la-unr\/","title":{"rendered":"Muestra \u00abFototropismo\u00bb en la UNR"},"content":{"rendered":"\n<p>Desde abril de 2023, la Facultad de Humanidades y Artes de la Universidad Nacional de Rosario (HyA_UNR) expone la muestra \u201cFototropismo\u201d de Gustavo Go\u00f1i.<\/p>\n\n\n\n<p>Se trata de una muestra virtual que puede visitarse en: <a href=\"https:\/\/fhumyar.unr.edu.ar\/institucional\/174\/muestras-virtuales\/237\/gustavo-goni\">Gustavo Go\u00f1i | Facultad de Humanidades y Artes (unr.edu.ar)<\/a>  <\/p>\n\n\n\n<p>Es organizada por la Direcci\u00f3n de Cultura de la HyA_UNR.<\/p>\n\n\n\n<p>Agradecimientos:<\/p>\n\n\n\n<p>+ Ver\u00f3nica Orta, titular de la c\u00e1tedra \u201cLaboratorio I\u201d en HyA_UNR<\/p>\n\n\n\n<p><a href=\"https:\/\/gustavogoni.com\/arte\/muestras\/fototropismo-en-la-unr\/\">Ver la p\u00e1gina<\/a><\/p>\n\n\n\n<p>+ Daniel Randisi, director de Cultura de la HyA_UNR<\/p>\n\n\n\n<p>+ Didac Terre, secretario de Comunicaci\u00f3n de la HyA_UNR<\/p>\n\n\n\n<figure class=\"wp-block-image size-large\"><a href=\"https:\/\/fhumyar.unr.edu.ar\/institucional\/174\/muestras-virtuales\/237\/gustavo-goni\" target=\"_blank\" rel=\"noreferrer noopener\"><img loading=\"lazy\" decoding=\"async\" width=\"1024\" height=\"546\" data-attachment-id=\"913\" data-permalink=\"https:\/\/gustavogoni.com\/arte\/muestras\/fototropismo-en-la-unr\/captura-de-pantalla-muestra-fototropismo-en-la-unr-1\/\" data-orig-file=\"https:\/\/gustavogoni.com\/arte\/wp-content\/uploads\/2023\/05\/Captura-de-pantalla-Muestra-Fototropismo-en-la-UNR-1.jpg\" data-orig-size=\"1280,682\" data-comments-opened=\"1\" data-image-meta=\"{&quot;aperture&quot;:&quot;0&quot;,&quot;credit&quot;:&quot;&quot;,&quot;camera&quot;:&quot;&quot;,&quot;caption&quot;:&quot;&quot;,&quot;created_timestamp&quot;:&quot;0&quot;,&quot;copyright&quot;:&quot;&quot;,&quot;focal_length&quot;:&quot;0&quot;,&quot;iso&quot;:&quot;0&quot;,&quot;shutter_speed&quot;:&quot;0&quot;,&quot;title&quot;:&quot;&quot;,&quot;orientation&quot;:&quot;0&quot;}\" data-image-title=\"Captura-de-pantalla-Muestra-Fototropismo-en-la-UNR-1\" data-image-description=\"\" data-image-caption=\"\" data-large-file=\"https:\/\/gustavogoni.com\/arte\/wp-content\/uploads\/2023\/05\/Captura-de-pantalla-Muestra-Fototropismo-en-la-UNR-1-1024x546.jpg\" src=\"https:\/\/gustavogoni.com\/arte\/wp-content\/uploads\/2023\/05\/Captura-de-pantalla-Muestra-Fototropismo-en-la-UNR-1-1024x546.jpg\" alt=\"\" class=\"wp-image-913\" srcset=\"https:\/\/gustavogoni.com\/arte\/wp-content\/uploads\/2023\/05\/Captura-de-pantalla-Muestra-Fototropismo-en-la-UNR-1-1024x546.jpg 1024w, https:\/\/gustavogoni.com\/arte\/wp-content\/uploads\/2023\/05\/Captura-de-pantalla-Muestra-Fototropismo-en-la-UNR-1-300x160.jpg 300w, https:\/\/gustavogoni.com\/arte\/wp-content\/uploads\/2023\/05\/Captura-de-pantalla-Muestra-Fototropismo-en-la-UNR-1-768x409.jpg 768w, https:\/\/gustavogoni.com\/arte\/wp-content\/uploads\/2023\/05\/Captura-de-pantalla-Muestra-Fototropismo-en-la-UNR-1.jpg 1280w\" sizes=\"auto, (max-width: 1024px) 100vw, 1024px\" \/><\/a><\/figure>\n","protected":false},"excerpt":{"rendered":"<p>Desde abril de 2023, la Facultad de Humanidades y Artes de la Universidad Nacional de Rosario (HyA_UNR) expone la muestra \u201cFototropismo\u201d de Gustavo Go\u00f1i. Se trata de una muestra virtual que puede visitarse en: Gustavo Go\u00f1i | Facultad de Humanidades y Artes (unr.edu.ar) Es organizada por la Direcci\u00f3n de Cultura de la HyA_UNR. Agradecimientos: +&hellip;&nbsp;<a href=\"https:\/\/gustavogoni.com\/arte\/muestras\/fototropismo-en-la-unr\/\" rel=\"bookmark\">Leer m\u00e1s &raquo;<span class=\"screen-reader-text\">Muestra \u00abFototropismo\u00bb en la UNR<\/span><\/a><\/p>\n","protected":false},"author":2,"featured_media":0,"parent":241,"menu_order":0,"comment_status":"closed","ping_status":"closed","template":"","meta":{"neve_meta_sidebar":"","neve_meta_container":"","neve_meta_enable_content_width":"","neve_meta_content_width":0,"neve_meta_title_alignment":"","neve_meta_author_avatar":"","neve_post_elements_order":"","neve_meta_disable_header":"","neve_meta_disable_footer":"","neve_meta_disable_title":"","advanced_seo_description":"","jetpack_seo_html_title":"","jetpack_seo_noindex":false,"_themeisle_gutenberg_block_has_review":false,"footnotes":""},"class_list":["post-910","page","type-page","status-publish","hentry"],"jetpack_sharing_enabled":true,"jetpack_likes_enabled":true,"_links":{"self":[{"href":"https:\/\/gustavogoni.com\/arte\/wp-json\/wp\/v2\/pages\/910","targetHints":{"allow":["GET"]}}],"collection":[{"href":"https:\/\/gustavogoni.com\/arte\/wp-json\/wp\/v2\/pages"}],"about":[{"href":"https:\/\/gustavogoni.com\/arte\/wp-json\/wp\/v2\/types\/page"}],"author":[{"embeddable":true,"href":"https:\/\/gustavogoni.com\/arte\/wp-json\/wp\/v2\/users\/2"}],"replies":[{"embeddable":true,"href":"https:\/\/gustavogoni.com\/arte\/wp-json\/wp\/v2\/comments?post=910"}],"version-history":[{"count":2,"href":"https:\/\/gustavogoni.com\/arte\/wp-json\/wp\/v2\/pages\/910\/revisions"}],"predecessor-version":[{"id":925,"href":"https:\/\/gustavogoni.com\/arte\/wp-json\/wp\/v2\/pages\/910\/revisions\/925"}],"up":[{"embeddable":true,"href":"https:\/\/gustavogoni.com\/arte\/wp-json\/wp\/v2\/pages\/241"}],"wp:attachment":[{"href":"https:\/\/gustavogoni.com\/arte\/wp-json\/wp\/v2\/media?parent=910"}],"curies":[{"name":"wp","href":"https:\/\/api.w.org\/{rel}","templated":true}]}}