{"id":896,"date":"2023-04-16T11:06:29","date_gmt":"2023-04-16T14:06:29","guid":{"rendered":"https:\/\/gustavogoni.com\/arte\/?page_id=896"},"modified":"2023-04-16T11:06:29","modified_gmt":"2023-04-16T14:06:29","slug":"muestra-sone-que-tu-piel-destellaba-soles","status":"publish","type":"page","link":"https:\/\/gustavogoni.com\/arte\/muestras\/muestra-sone-que-tu-piel-destellaba-soles\/","title":{"rendered":"Muestra \u00abSo\u00f1\u00e9 que tu piel destellaba soles\u00bb"},"content":{"rendered":"\n<div id=\"wp-block-themeisle-blocks-advanced-columns-4a5a872c\" class=\"wp-block-themeisle-blocks-advanced-columns alignfull has-2-columns has-desktop-equal-layout has-tablet-equal-layout has-mobile-collapsedRows-layout has-vertical-top has-dark-bg\"><div class=\"wp-block-themeisle-blocks-advanced-columns-overlay\"><\/div><div class=\"innerblocks-wrap\">\n<div id=\"wp-block-themeisle-blocks-advanced-column-f1b69168\" class=\"wp-block-themeisle-blocks-advanced-column\">\n<figure class=\"wp-block-image size-large is-resized\"><img loading=\"lazy\" decoding=\"async\" data-attachment-id=\"900\" data-permalink=\"https:\/\/gustavogoni.com\/arte\/muestras\/muestra-sone-que-tu-piel-destellaba-soles\/inauguracion-muestra-marina-gryciuk-1\/\" data-orig-file=\"https:\/\/gustavogoni.com\/arte\/wp-content\/uploads\/2023\/04\/Inauguracion-muestra-Marina-Gryciuk-1.jpg\" data-orig-size=\"1080,719\" data-comments-opened=\"1\" data-image-meta=\"{&quot;aperture&quot;:&quot;0&quot;,&quot;credit&quot;:&quot;&quot;,&quot;camera&quot;:&quot;&quot;,&quot;caption&quot;:&quot;&quot;,&quot;created_timestamp&quot;:&quot;0&quot;,&quot;copyright&quot;:&quot;&quot;,&quot;focal_length&quot;:&quot;0&quot;,&quot;iso&quot;:&quot;0&quot;,&quot;shutter_speed&quot;:&quot;0&quot;,&quot;title&quot;:&quot;&quot;,&quot;orientation&quot;:&quot;1&quot;}\" data-image-title=\"Inauguracion-muestra-Marina-Gryciuk-1\" data-image-description=\"\" data-image-caption=\"\" data-large-file=\"https:\/\/gustavogoni.com\/arte\/wp-content\/uploads\/2023\/04\/Inauguracion-muestra-Marina-Gryciuk-1-1024x682.jpg\" src=\"https:\/\/gustavogoni.com\/arte\/wp-content\/uploads\/2023\/04\/Inauguracion-muestra-Marina-Gryciuk-1-1024x682.jpg\" alt=\"\" class=\"wp-image-900\" width=\"500\" height=\"332\" srcset=\"https:\/\/gustavogoni.com\/arte\/wp-content\/uploads\/2023\/04\/Inauguracion-muestra-Marina-Gryciuk-1-1024x682.jpg 1024w, https:\/\/gustavogoni.com\/arte\/wp-content\/uploads\/2023\/04\/Inauguracion-muestra-Marina-Gryciuk-1-300x200.jpg 300w, https:\/\/gustavogoni.com\/arte\/wp-content\/uploads\/2023\/04\/Inauguracion-muestra-Marina-Gryciuk-1-768x511.jpg 768w, https:\/\/gustavogoni.com\/arte\/wp-content\/uploads\/2023\/04\/Inauguracion-muestra-Marina-Gryciuk-1-930x620.jpg 930w, https:\/\/gustavogoni.com\/arte\/wp-content\/uploads\/2023\/04\/Inauguracion-muestra-Marina-Gryciuk-1.jpg 1080w\" sizes=\"auto, (max-width: 500px) 100vw, 500px\" \/><\/figure>\n\n\n\n<div style=\"height:20px\" aria-hidden=\"true\" class=\"wp-block-spacer\"><\/div>\n<\/div>\n\n\n\n<div id=\"wp-block-themeisle-blocks-advanced-column-8bd4a650\" class=\"wp-block-themeisle-blocks-advanced-column\">\n<figure class=\"wp-block-image size-large\"><img loading=\"lazy\" decoding=\"async\" width=\"1024\" height=\"1024\" data-attachment-id=\"899\" data-permalink=\"https:\/\/gustavogoni.com\/arte\/muestras\/muestra-sone-que-tu-piel-destellaba-soles\/fotos-en-muestra-de-marina-gryciuk-2019-01\/\" data-orig-file=\"https:\/\/gustavogoni.com\/arte\/wp-content\/uploads\/2023\/04\/Fotos-en-muestra-de-Marina-Gryciuk-2019-01.jpg\" data-orig-size=\"1080,1080\" data-comments-opened=\"1\" data-image-meta=\"{&quot;aperture&quot;:&quot;4.5&quot;,&quot;credit&quot;:&quot;&quot;,&quot;camera&quot;:&quot;Canon EOS 5D Mark III&quot;,&quot;caption&quot;:&quot;&quot;,&quot;created_timestamp&quot;:&quot;1561485661&quot;,&quot;copyright&quot;:&quot;&quot;,&quot;focal_length&quot;:&quot;28&quot;,&quot;iso&quot;:&quot;1250&quot;,&quot;shutter_speed&quot;:&quot;0.008&quot;,&quot;title&quot;:&quot;&quot;,&quot;orientation&quot;:&quot;1&quot;}\" data-image-title=\"Fotos en muestra de Marina Gryciuk-2019-01\" data-image-description=\"\" data-image-caption=\"\" data-large-file=\"https:\/\/gustavogoni.com\/arte\/wp-content\/uploads\/2023\/04\/Fotos-en-muestra-de-Marina-Gryciuk-2019-01-1024x1024.jpg\" src=\"https:\/\/gustavogoni.com\/arte\/wp-content\/uploads\/2023\/04\/Fotos-en-muestra-de-Marina-Gryciuk-2019-01-1024x1024.jpg\" alt=\"\" class=\"wp-image-899\" srcset=\"https:\/\/gustavogoni.com\/arte\/wp-content\/uploads\/2023\/04\/Fotos-en-muestra-de-Marina-Gryciuk-2019-01-1024x1024.jpg 1024w, https:\/\/gustavogoni.com\/arte\/wp-content\/uploads\/2023\/04\/Fotos-en-muestra-de-Marina-Gryciuk-2019-01-300x300.jpg 300w, https:\/\/gustavogoni.com\/arte\/wp-content\/uploads\/2023\/04\/Fotos-en-muestra-de-Marina-Gryciuk-2019-01-150x150.jpg 150w, https:\/\/gustavogoni.com\/arte\/wp-content\/uploads\/2023\/04\/Fotos-en-muestra-de-Marina-Gryciuk-2019-01-768x768.jpg 768w, https:\/\/gustavogoni.com\/arte\/wp-content\/uploads\/2023\/04\/Fotos-en-muestra-de-Marina-Gryciuk-2019-01.jpg 1080w\" sizes=\"auto, (max-width: 1024px) 100vw, 1024px\" \/><\/figure>\n<\/div>\n<\/div><\/div>\n\n\n\n<div id=\"wp-block-themeisle-blocks-advanced-columns-82d674e2\" class=\"wp-block-themeisle-blocks-advanced-columns alignfull has-2-columns has-desktop-equal-layout has-tablet-equal-layout has-mobile-collapsedRows-layout has-vertical-unset has-dark-bg\"><div class=\"wp-block-themeisle-blocks-advanced-columns-overlay\"><\/div><div class=\"innerblocks-wrap\">\n<div id=\"wp-block-themeisle-blocks-advanced-column-cff47bde\" class=\"wp-block-themeisle-blocks-advanced-column\">\n<div id=\"wp-block-themeisle-blocks-button-group-788e0e71\" class=\"wp-block-themeisle-blocks-button-group wp-block-buttons\">\n<div id=\"wp-block-themeisle-blocks-button-aefcd9fd\" class=\"wp-block-themeisle-blocks-button wp-block-button\"><a href=\"\" target=\"_self\" rel=\"noopener noreferrer\" class=\"wp-block-button__link\"><i class=\"fas fa-fw fa-map-marker-alt margin-right\"><\/i><span>Subsuelo Galer\u00eda de Arte, Balcarce al 200, Rosario, Prov. de Santa Fe.<\/span><\/a><\/div>\n<\/div>\n\n\n\n<div id=\"wp-block-themeisle-blocks-button-group-9df2ffb2\" class=\"wp-block-themeisle-blocks-button-group wp-block-buttons\">\n<div id=\"wp-block-themeisle-blocks-button-78587249\" class=\"wp-block-themeisle-blocks-button wp-block-button\"><a href=\"\" target=\"_self\" rel=\"noopener noreferrer\" class=\"wp-block-button__link\"><i class=\"far fa-fw fa-calendar-alt margin-right\"><\/i><span>Fecha: del 8\/5\/2019 al 6\/7\/2019<\/span><\/a><\/div>\n<\/div>\n\n\n\n<div id=\"wp-block-themeisle-blocks-button-group-a316cd0d\" class=\"wp-block-themeisle-blocks-button-group wp-block-buttons\">\n<div id=\"wp-block-themeisle-blocks-button-c88003e6\" class=\"wp-block-themeisle-blocks-button wp-block-button\"><a href=\"\" target=\"_self\" rel=\"noopener noreferrer\" class=\"wp-block-button__link\"><i class=\"fas fa-fw fa-ticket-alt margin-right\"><\/i><span>Entrada: libre <\/span><\/a><\/div>\n<\/div>\n\n\n\n<div id=\"wp-block-themeisle-blocks-button-group-b5f9cb70\" class=\"wp-block-themeisle-blocks-button-group wp-block-buttons\">\n<div id=\"wp-block-themeisle-blocks-button-3c4e0c32\" class=\"wp-block-themeisle-blocks-button wp-block-button\"><a href=\"\" target=\"_self\" rel=\"noopener noreferrer\" class=\"wp-block-button__link\"><i class=\"fas fa-fw fa-palette margin-right\"><\/i><span>Marina Gryciuk<\/span><\/a><\/div>\n<\/div>\n<\/div>\n\n\n\n<div id=\"wp-block-themeisle-blocks-advanced-column-a1740b01\" class=\"wp-block-themeisle-blocks-advanced-column\">\n<h2 id=\"wp-block-themeisle-blocks-advanced-heading-b2ad9838\" class=\"wp-block-themeisle-blocks-advanced-heading wp-block-themeisle-blocks-advanced-heading-b2ad9838\">\u00abSO\u00d1\u00c9 QUE TU PIEL destellaba soles\u00bb<\/h2>\n\n\n\n<h4 id=\"wp-block-themeisle-blocks-advanced-heading-a778d0af\" class=\"wp-block-themeisle-blocks-advanced-heading wp-block-themeisle-blocks-advanced-heading-a778d0af\">Muestra de <strong>Marina gryciuk<\/strong> \/ Artistas invitados: Mario Caporali y Gustavo Go\u00f1i<\/h4>\n\n\n\n<p>La obra de Marina Gryciuk puede ser visualizada con relaci\u00f3n a los par\u00e1metros de la producci\u00f3n de arte desarrollada entre finales de los 90 y principios de este siglo en la ciudad de Rosario, afines a lo que acontec\u00eda en el Centro Cultural Rojas durante el periodo en que Jorge Gumier Maier estuvo a cargo de la curadur\u00eda. Momento al que se le hab\u00eda asignado el combativo nombre de arte rosa.<\/p>\n\n\n\n<p>En ese contexto seguramente muchos de sus trabajos pueden ser enmarcados dentro de la categor\u00eda de escultura blanda, emparentados a nivel nacional con las obras de Ariadna Pastorini, Silvia Gai o Marta Minuj\u00edn entre otras.<\/p>\n\n\n\n<p>A su vez sus producciones m\u00e1s vinculadas con el dise\u00f1o de indumentaria y textil se encuentran conectadas a una de las redes mas importantes de dise\u00f1o en el pa\u00eds en la ultima d\u00e9cada, generada por el Observatorio de tendencias del INTI. De este proceso, entre muchas acciones en las que particip\u00f3 la artista se destacan: \u201cMapa de tendencias\u201d ,\u201d101 dise\u00f1adores\u201d , \u201cLas cosas del quehacer\u201d ,\u201dPor la calle\u201d y \u201cDise\u00f1o en las orillas\u201d, entre otros.<\/p>\n\n\n\n<p>En la trama que articula el trabajo de Marina hay varias constantes a lo largo del tiempo que, de alguna manera, abren un esquema en el que se pueden hallar algunos intereses como: la investigaci\u00f3n de las posibilidades del objeto est\u00e9tico utilitario y no utilitario, la reformulaci\u00f3n de t\u00e9cnicas con materiales no convencionales, el reuso implementado en el dise\u00f1o de indumentaria, de accesorios, de joyer\u00eda y de objetos para el hogar, y el trabajo social en zonas perif\u00e9ricas.<\/p>\n\n\n\n<p>En su pr\u00e1ctica actual, investiga y emplea t\u00e9cnicas artesanales de culturas originarias como la del pueblo Qom, que reinventa en piezas capaces de mutar en sus formas, diseminando el contenido de todo un saber colectivo heredado mediante la oralidad.<\/p>\n\n\n\n<p>Ubic\u00e1ndose en los l\u00edmites de los lenguajes, de las t\u00e9cnicas y de las disciplinas, hace uso del cuerpo como soporte y de los objetos textiles como pr\u00f3tesis que lo definen en el borde de un imaginario que recicla y resignifica, como todo su hacer, pr\u00e1cticas provenientes de ciertas est\u00e9ticas del arte argentino y latinoamericano de los 90s<\/p>\n\n\n\n<p>Algunas piezas remiten a armaduras, a capullos o a caparazones de defensa; estas abordan la metamorfosis del objeto funcional. Otras a un paisaje de protuberancias que descansan sobre un soporte cuasi quir\u00fargico. Cada una de ellas puede leerse y usarse de distintas formas y todas revelan en si mismas la versatilidad potencial entre obra y objeto, obra y vestimenta, obra y armadura, obra y accesorios.<\/p>\n\n\n\n<p>El entramado que teje toda esta producci\u00f3n invita a que sus posibles lecturas se hagan en un constante plegarse y desplegarse de m\u00faltiples variables, sentidos y links.<\/p>\n\n\n\n<p>Su imaginario podr\u00eda llevarnos por ejemplo a escenarios cercanos a los que generar\u00eda un desfile Cyberpunk realizado por Rick Owens o ciertas b\u00fasquedas teatrales y morfol\u00f3gicas realizadas por Leight Bowery e inclusive aquellas investigaciones inauguradas por la artista Lygia Clark (1920-1988)<\/p>\n\n\n\n<p>Tanto en el campo del dise\u00f1o, como en su practica art\u00edstica, la autora opera en zonas de limites difusos, una cualidad que permite que sus investigaciones se desarrollen en un horizonte sem\u00e1ntico que trasciende hacia otras direcciones y que merecen ser rele\u00eddas en este contexto hist\u00f3rico de lucha, feminista y antipatriarcal.<\/p>\n\n\n\n<p>Mauro Guzm\u00e1n. Rosario, Mayo 2019<\/p>\n<\/div>\n<\/div><\/div>\n","protected":false},"excerpt":{"rendered":"","protected":false},"author":2,"featured_media":0,"parent":241,"menu_order":0,"comment_status":"closed","ping_status":"closed","template":"","meta":{"neve_meta_sidebar":"","neve_meta_container":"","neve_meta_enable_content_width":"","neve_meta_content_width":0,"neve_meta_title_alignment":"","neve_meta_author_avatar":"","neve_post_elements_order":"","neve_meta_disable_header":"","neve_meta_disable_footer":"","neve_meta_disable_title":"","advanced_seo_description":"","jetpack_seo_html_title":"","jetpack_seo_noindex":false,"_themeisle_gutenberg_block_has_review":false,"footnotes":""},"class_list":["post-896","page","type-page","status-publish","hentry"],"jetpack_sharing_enabled":true,"jetpack_likes_enabled":true,"_links":{"self":[{"href":"https:\/\/gustavogoni.com\/arte\/wp-json\/wp\/v2\/pages\/896","targetHints":{"allow":["GET"]}}],"collection":[{"href":"https:\/\/gustavogoni.com\/arte\/wp-json\/wp\/v2\/pages"}],"about":[{"href":"https:\/\/gustavogoni.com\/arte\/wp-json\/wp\/v2\/types\/page"}],"author":[{"embeddable":true,"href":"https:\/\/gustavogoni.com\/arte\/wp-json\/wp\/v2\/users\/2"}],"replies":[{"embeddable":true,"href":"https:\/\/gustavogoni.com\/arte\/wp-json\/wp\/v2\/comments?post=896"}],"version-history":[{"count":2,"href":"https:\/\/gustavogoni.com\/arte\/wp-json\/wp\/v2\/pages\/896\/revisions"}],"predecessor-version":[{"id":945,"href":"https:\/\/gustavogoni.com\/arte\/wp-json\/wp\/v2\/pages\/896\/revisions\/945"}],"up":[{"embeddable":true,"href":"https:\/\/gustavogoni.com\/arte\/wp-json\/wp\/v2\/pages\/241"}],"wp:attachment":[{"href":"https:\/\/gustavogoni.com\/arte\/wp-json\/wp\/v2\/media?parent=896"}],"curies":[{"name":"wp","href":"https:\/\/api.w.org\/{rel}","templated":true}]}}