{"id":745,"date":"2022-10-05T19:59:06","date_gmt":"2022-10-05T22:59:06","guid":{"rendered":"https:\/\/gustavogoni.com\/arte\/?page_id=745"},"modified":"2024-08-30T16:33:27","modified_gmt":"2024-08-30T19:33:27","slug":"fototropismo","status":"publish","type":"page","link":"https:\/\/gustavogoni.com\/arte\/muestras\/fototropismo\/","title":{"rendered":"Muestra \u00abFototropismo\u00bb"},"content":{"rendered":"\n<div id=\"wp-block-themeisle-blocks-advanced-columns-8e8c06a6\" class=\"wp-block-themeisle-blocks-advanced-columns has-2-columns has-desktop-equal-layout has-tablet-equal-layout has-mobile-equal-layout has-vertical-unset\"><div class=\"wp-block-themeisle-blocks-advanced-columns-overlay\"><\/div><div class=\"innerblocks-wrap\">\n<div id=\"wp-block-themeisle-blocks-advanced-column-ade7bbfe\" class=\"wp-block-themeisle-blocks-advanced-column\">\n<figure class=\"wp-block-image size-full\"><a href=\"https:\/\/gustavogoni.com\/arte\/wp-content\/uploads\/2022\/10\/Fototropismo-Inauguracion-2022-10-14.jpeg\"><img loading=\"lazy\" decoding=\"async\" width=\"1023\" height=\"1024\" data-attachment-id=\"751\" data-permalink=\"https:\/\/gustavogoni.com\/arte\/muestras\/fototropismo\/fototropismo-inauguracion-2022-10-14\/\" data-orig-file=\"https:\/\/gustavogoni.com\/arte\/wp-content\/uploads\/2022\/10\/Fototropismo-Inauguracion-2022-10-14.jpeg\" data-orig-size=\"1023,1024\" data-comments-opened=\"1\" data-image-meta=\"{&quot;aperture&quot;:&quot;0&quot;,&quot;credit&quot;:&quot;&quot;,&quot;camera&quot;:&quot;&quot;,&quot;caption&quot;:&quot;&quot;,&quot;created_timestamp&quot;:&quot;0&quot;,&quot;copyright&quot;:&quot;&quot;,&quot;focal_length&quot;:&quot;0&quot;,&quot;iso&quot;:&quot;0&quot;,&quot;shutter_speed&quot;:&quot;0&quot;,&quot;title&quot;:&quot;&quot;,&quot;orientation&quot;:&quot;0&quot;}\" data-image-title=\"Fototropismo-Inauguracion-2022-10-14\" data-image-description=\"\" data-image-caption=\"\" data-large-file=\"https:\/\/gustavogoni.com\/arte\/wp-content\/uploads\/2022\/10\/Fototropismo-Inauguracion-2022-10-14.jpeg\" src=\"https:\/\/gustavogoni.com\/arte\/wp-content\/uploads\/2022\/10\/Fototropismo-Inauguracion-2022-10-14.jpeg\" alt=\"\" class=\"wp-image-751\" srcset=\"https:\/\/gustavogoni.com\/arte\/wp-content\/uploads\/2022\/10\/Fototropismo-Inauguracion-2022-10-14.jpeg 1023w, https:\/\/gustavogoni.com\/arte\/wp-content\/uploads\/2022\/10\/Fototropismo-Inauguracion-2022-10-14-300x300.jpeg 300w, https:\/\/gustavogoni.com\/arte\/wp-content\/uploads\/2022\/10\/Fototropismo-Inauguracion-2022-10-14-150x150.jpeg 150w, https:\/\/gustavogoni.com\/arte\/wp-content\/uploads\/2022\/10\/Fototropismo-Inauguracion-2022-10-14-768x769.jpeg 768w\" sizes=\"auto, (max-width: 1023px) 100vw, 1023px\" \/><\/a><\/figure>\n<\/div>\n\n\n\n<div id=\"wp-block-themeisle-blocks-advanced-column-d8adabe0\" class=\"wp-block-themeisle-blocks-advanced-column\"><\/div>\n<\/div><\/div>\n\n\n\n<div id=\"wp-block-themeisle-blocks-slider-efc21249\" class=\"wp-block-themeisle-blocks-slider glide\" data-per-view=\"1\" data-gap=\"0\" data-peek=\"0\" data-autoplay=\"true\" data-height=\"400px\" data-hide-arrows=\"false\"><div class=\"glide__track\" data-glide-el=\"track\"><div class=\"glide__slides\"><div class=\"wp-block-themeisle-blocks-slider-item-wrapper glide__slide\" tabindex=\"0\"><figure><img decoding=\"async\" data-attachment-id=\"797\" data-permalink=\"https:\/\/gustavogoni.com\/arte\/ftrp-001-lr\/\" data-orig-file=\"https:\/\/gustavogoni.com\/arte\/wp-content\/uploads\/2023\/02\/FTRP-001-LR.jpg\" data-orig-size=\"1240,826\" data-comments-opened=\"1\" data-image-meta=\"{&quot;aperture&quot;:&quot;9&quot;,&quot;credit&quot;:&quot;Walter Gustavo Salcedo&quot;,&quot;camera&quot;:&quot;Canon EOS 5D Mark III&quot;,&quot;caption&quot;:&quot;&quot;,&quot;created_timestamp&quot;:&quot;1666118709&quot;,&quot;copyright&quot;:&quot;&quot;,&quot;focal_length&quot;:&quot;24&quot;,&quot;iso&quot;:&quot;100&quot;,&quot;shutter_speed&quot;:&quot;1&quot;,&quot;title&quot;:&quot;&quot;,&quot;orientation&quot;:&quot;1&quot;}\" data-image-title=\"FTRP 001 LR\" data-image-description=\"\" data-image-caption=\"\" data-large-file=\"https:\/\/gustavogoni.com\/arte\/wp-content\/uploads\/2023\/02\/FTRP-001-LR-1024x682.jpg\" class=\"wp-block-themeisle-blocks-slider-item\" src=\"https:\/\/gustavogoni.com\/arte\/wp-content\/uploads\/2023\/02\/FTRP-001-LR-1024x682.jpg\" alt=\"\" title=\"\" data-id=\"797\"\/><\/figure><\/div><div class=\"wp-block-themeisle-blocks-slider-item-wrapper glide__slide\" tabindex=\"0\"><figure><img decoding=\"async\" data-attachment-id=\"798\" data-permalink=\"https:\/\/gustavogoni.com\/arte\/ftrp-002-lr\/\" data-orig-file=\"https:\/\/gustavogoni.com\/arte\/wp-content\/uploads\/2023\/02\/FTRP-002-LR.jpg\" data-orig-size=\"1240,826\" data-comments-opened=\"1\" data-image-meta=\"{&quot;aperture&quot;:&quot;9&quot;,&quot;credit&quot;:&quot;Walter Gustavo Salcedo&quot;,&quot;camera&quot;:&quot;Canon EOS 5D Mark III&quot;,&quot;caption&quot;:&quot;&quot;,&quot;created_timestamp&quot;:&quot;1666119549&quot;,&quot;copyright&quot;:&quot;&quot;,&quot;focal_length&quot;:&quot;24&quot;,&quot;iso&quot;:&quot;100&quot;,&quot;shutter_speed&quot;:&quot;2&quot;,&quot;title&quot;:&quot;&quot;,&quot;orientation&quot;:&quot;1&quot;}\" data-image-title=\"FTRP 002 LR\" data-image-description=\"\" data-image-caption=\"\" data-large-file=\"https:\/\/gustavogoni.com\/arte\/wp-content\/uploads\/2023\/02\/FTRP-002-LR-1024x682.jpg\" class=\"wp-block-themeisle-blocks-slider-item\" src=\"https:\/\/gustavogoni.com\/arte\/wp-content\/uploads\/2023\/02\/FTRP-002-LR-1024x682.jpg\" alt=\"\" title=\"\" data-id=\"798\"\/><\/figure><\/div><div class=\"wp-block-themeisle-blocks-slider-item-wrapper glide__slide\" tabindex=\"0\"><figure><img decoding=\"async\" data-attachment-id=\"799\" data-permalink=\"https:\/\/gustavogoni.com\/arte\/ftrp-003-bis-lr\/\" data-orig-file=\"https:\/\/gustavogoni.com\/arte\/wp-content\/uploads\/2023\/02\/FTRP-003-BIS-LR.jpg\" data-orig-size=\"1240,697\" data-comments-opened=\"1\" data-image-meta=\"{&quot;aperture&quot;:&quot;9&quot;,&quot;credit&quot;:&quot;Walter Gustavo Salcedo&quot;,&quot;camera&quot;:&quot;Canon EOS 5D Mark III&quot;,&quot;caption&quot;:&quot;&quot;,&quot;created_timestamp&quot;:&quot;1666119950&quot;,&quot;copyright&quot;:&quot;&quot;,&quot;focal_length&quot;:&quot;24&quot;,&quot;iso&quot;:&quot;100&quot;,&quot;shutter_speed&quot;:&quot;1.6&quot;,&quot;title&quot;:&quot;&quot;,&quot;orientation&quot;:&quot;1&quot;}\" data-image-title=\"FTRP 003 BIS LR\" data-image-description=\"\" data-image-caption=\"\" data-large-file=\"https:\/\/gustavogoni.com\/arte\/wp-content\/uploads\/2023\/02\/FTRP-003-BIS-LR-1024x576.jpg\" class=\"wp-block-themeisle-blocks-slider-item\" src=\"https:\/\/gustavogoni.com\/arte\/wp-content\/uploads\/2023\/02\/FTRP-003-BIS-LR-1024x576.jpg\" alt=\"\" title=\"\" data-id=\"799\"\/><\/figure><\/div><div class=\"wp-block-themeisle-blocks-slider-item-wrapper glide__slide\" tabindex=\"0\"><figure><img decoding=\"async\" data-attachment-id=\"800\" data-permalink=\"https:\/\/gustavogoni.com\/arte\/ftrp-008-lr\/\" data-orig-file=\"https:\/\/gustavogoni.com\/arte\/wp-content\/uploads\/2023\/02\/FTRP-008-LR.jpg\" data-orig-size=\"1240,826\" data-comments-opened=\"1\" data-image-meta=\"{&quot;aperture&quot;:&quot;9&quot;,&quot;credit&quot;:&quot;Walter Gustavo Salcedo&quot;,&quot;camera&quot;:&quot;Canon EOS 5D Mark III&quot;,&quot;caption&quot;:&quot;&quot;,&quot;created_timestamp&quot;:&quot;1666121289&quot;,&quot;copyright&quot;:&quot;&quot;,&quot;focal_length&quot;:&quot;24&quot;,&quot;iso&quot;:&quot;100&quot;,&quot;shutter_speed&quot;:&quot;2.5&quot;,&quot;title&quot;:&quot;&quot;,&quot;orientation&quot;:&quot;1&quot;}\" data-image-title=\"FTRP 008 LR\" data-image-description=\"\" data-image-caption=\"\" data-large-file=\"https:\/\/gustavogoni.com\/arte\/wp-content\/uploads\/2023\/02\/FTRP-008-LR-1024x682.jpg\" class=\"wp-block-themeisle-blocks-slider-item\" src=\"https:\/\/gustavogoni.com\/arte\/wp-content\/uploads\/2023\/02\/FTRP-008-LR-1024x682.jpg\" alt=\"\" title=\"\" data-id=\"800\"\/><\/figure><\/div><div class=\"wp-block-themeisle-blocks-slider-item-wrapper glide__slide\" tabindex=\"0\"><figure><img decoding=\"async\" data-attachment-id=\"801\" data-permalink=\"https:\/\/gustavogoni.com\/arte\/ftrp-014-lr\/\" data-orig-file=\"https:\/\/gustavogoni.com\/arte\/wp-content\/uploads\/2023\/02\/FTRP-014-LR.jpg\" data-orig-size=\"1240,826\" data-comments-opened=\"1\" data-image-meta=\"{&quot;aperture&quot;:&quot;9&quot;,&quot;credit&quot;:&quot;Walter Gustavo Salcedo&quot;,&quot;camera&quot;:&quot;Canon EOS 5D Mark III&quot;,&quot;caption&quot;:&quot;&quot;,&quot;created_timestamp&quot;:&quot;1666121607&quot;,&quot;copyright&quot;:&quot;&quot;,&quot;focal_length&quot;:&quot;24&quot;,&quot;iso&quot;:&quot;100&quot;,&quot;shutter_speed&quot;:&quot;2.5&quot;,&quot;title&quot;:&quot;&quot;,&quot;orientation&quot;:&quot;1&quot;}\" data-image-title=\"FTRP 014 LR\" data-image-description=\"\" data-image-caption=\"\" data-large-file=\"https:\/\/gustavogoni.com\/arte\/wp-content\/uploads\/2023\/02\/FTRP-014-LR-1024x682.jpg\" class=\"wp-block-themeisle-blocks-slider-item\" src=\"https:\/\/gustavogoni.com\/arte\/wp-content\/uploads\/2023\/02\/FTRP-014-LR-1024x682.jpg\" alt=\"\" title=\"\" data-id=\"801\"\/><\/figure><\/div><\/div><div class=\"glide__bullets\" data-glide-el=\"controls[nav]\"><button class=\"glide__bullet\" data-glide-dir=\"=0\"><\/button><button class=\"glide__bullet\" data-glide-dir=\"=1\"><\/button><button class=\"glide__bullet\" data-glide-dir=\"=2\"><\/button><button class=\"glide__bullet\" data-glide-dir=\"=3\"><\/button><button class=\"glide__bullet\" data-glide-dir=\"=4\"><\/button><\/div><\/div><\/div>\n\n\n\n<div id=\"wp-block-themeisle-blocks-advanced-columns-82d674e2\" class=\"wp-block-themeisle-blocks-advanced-columns alignfull has-2-columns has-desktop-equal-layout has-tablet-equal-layout has-mobile-collapsedRows-layout has-vertical-unset has-dark-bg\"><div class=\"wp-block-themeisle-blocks-advanced-columns-overlay\"><\/div><div class=\"innerblocks-wrap\">\n<div id=\"wp-block-themeisle-blocks-advanced-column-cff47bde\" class=\"wp-block-themeisle-blocks-advanced-column\">\n<div id=\"wp-block-themeisle-blocks-button-group-788e0e71\" class=\"wp-block-themeisle-blocks-button-group wp-block-buttons\">\n<div id=\"wp-block-themeisle-blocks-button-aefcd9fd\" class=\"wp-block-themeisle-blocks-button wp-block-button\"><a href=\"https:\/\/goo.gl\/maps\/fjZKgPSCg8a3K2EH9\" target=\"_blank\" rel=\"noopener noreferrer\" class=\"wp-block-button__link\"><i class=\"fas fa-fw fa-map-marker-alt margin-right\"><\/i><span>Local 15 Galer\u00eda de Arte \/ Pasaje Pan<br>(C\u00f3rdoba 954) Rosario. Prov. de Santa Fe<\/span><\/a><\/div>\n<\/div>\n\n\n\n<div id=\"wp-block-themeisle-blocks-button-group-9df2ffb2\" class=\"wp-block-themeisle-blocks-button-group wp-block-buttons\">\n<div id=\"wp-block-themeisle-blocks-button-78587249\" class=\"wp-block-themeisle-blocks-button wp-block-button is-style-fill\"><a href=\"\" target=\"_self\" rel=\"noopener noreferrer\" class=\"wp-block-button__link\"><i class=\"far fa-fw fa-calendar-alt margin-right\"><\/i><span>Inauguraci\u00f3n: <br>14 de octubre de 2022<br>19 hs.<\/span><\/a><\/div>\n<\/div>\n\n\n\n<div id=\"wp-block-themeisle-blocks-button-group-a316cd0d\" class=\"wp-block-themeisle-blocks-button-group wp-block-buttons\">\n<div id=\"wp-block-themeisle-blocks-button-c88003e6\" class=\"wp-block-themeisle-blocks-button wp-block-button\"><a href=\"\" target=\"_self\" rel=\"noopener noreferrer\" class=\"wp-block-button__link\"><i class=\"fas fa-fw fa-ticket-alt margin-right\"><\/i><span>Entrada: libre <\/span><\/a><\/div>\n<\/div>\n\n\n\n<div id=\"wp-block-themeisle-blocks-button-group-b5f9cb70\" class=\"wp-block-themeisle-blocks-button-group wp-block-buttons\">\n<div id=\"wp-block-themeisle-blocks-button-3c4e0c32\" class=\"wp-block-themeisle-blocks-button wp-block-button\"><a target=\"_self\" rel=\"noopener noreferrer\" class=\"wp-block-button__link\"><i class=\"far fa-fw fa-clock margin-right\"><\/i><span>Martes y viernes de 14.00 a 18.00 hs<\/span><\/a><\/div>\n<\/div>\n\n\n\n<div id=\"wp-block-themeisle-blocks-button-group-c4853f18\" class=\"wp-block-themeisle-blocks-button-group wp-block-buttons\">\n<div id=\"wp-block-themeisle-blocks-button-15a35e45\" class=\"wp-block-themeisle-blocks-button wp-block-button\"><a href=\"https:\/\/www.instagram.com\/local15pasajepan\/\" target=\"_blank\" rel=\"noopener noreferrer\" class=\"wp-block-button__link\"><i class=\"fab fa-fw fa-instagram margin-right\"><\/i><span>Local 15<\/span><\/a><\/div>\n<\/div>\n\n\n\n<div id=\"wp-block-themeisle-blocks-button-group-10fcbdfd\" class=\"wp-block-themeisle-blocks-button-group wp-block-buttons\">\n<div id=\"wp-block-themeisle-blocks-button-76416584\" class=\"wp-block-themeisle-blocks-button wp-block-button\"><a href=\"mailto:local15pasajepan@gmail.com\" target=\"_blank\" rel=\"noopener noreferrer\" class=\"wp-block-button__link\"><i class=\"far fa-fw fa-envelope margin-right\"><\/i><span>local15pasajepan@gmail.com<\/span><\/a><\/div>\n<\/div>\n\n\n\n<div id=\"wp-block-themeisle-blocks-button-group-39af22cb\" class=\"wp-block-themeisle-blocks-button-group wp-block-buttons\">\n<div id=\"wp-block-themeisle-blocks-button-42cf92cd\" class=\"wp-block-themeisle-blocks-button wp-block-button\"><a href=\"https:\/\/gustavogoni.com\/arte\/wp-content\/uploads\/2023\/02\/Catalogo-Fototropismo-Gustavo-Goni-Octubre2022.pdf\" target=\"_self\" rel=\"noopener noreferrer\" class=\"wp-block-button__link\"><i class=\"fas fa-fw fa-book-open margin-right\"><\/i><span><\/span><\/a><\/div>\n<\/div>\n<\/div>\n\n\n\n<div id=\"wp-block-themeisle-blocks-advanced-column-a1740b01\" class=\"wp-block-themeisle-blocks-advanced-column\">\n<h2 id=\"wp-block-themeisle-blocks-advanced-heading-b2ad9838\" class=\"wp-block-themeisle-blocks-advanced-heading wp-block-themeisle-blocks-advanced-heading-b2ad9838\">Monstruas deliciosas<\/h2>\n\n\n\n<h4 id=\"wp-block-themeisle-blocks-advanced-heading-a778d0af\" class=\"wp-block-themeisle-blocks-advanced-heading wp-block-themeisle-blocks-advanced-heading-a778d0af\">texto por beatriz vignoli<\/h4>\n\n\n\n<p>Gustavo Go\u00f1i estudi\u00f3 bot\u00e1nica y moda. Sabe que \u201cfoto\u201d significa luz y que \u201cfototropismo\u201d denota la respuesta vegetal a la luz: un crecimiento hacia la fuente de la luz o en la direcci\u00f3n opuesta, como en las ra\u00edces. \u201cFototropismo\u201d connota el movimiento sin la locomoci\u00f3n. Tropos: ir hacia. Crecer sin dejar las ra\u00edces. En ambas direcciones: hacia la luz para florecer y fructificar, para existir y ser visto; y hacia lo hondo del origen, excavando cada vez a mayor profundidad.<br>\u201cIr hacia\u201d, escribi\u00f3 Clarice Lispector. \u00bfHacia d\u00f3nde? Hacia el d\u00eda y la noche, la vigilia y el sue\u00f1o; hacia la luz y hacia la oscuridad, que juntas hacen visible la forma\u2026 ambas son tan extremas como inseparables en las fotograf\u00edas barrocas y contempor\u00e1neas de Gustavo Go\u00f1i.<br>Para Gustavo Go\u00f1i, una foto es buena cuando el sujeto se desliza hacia otro reino. Go\u00f1i revela el devenir, en t\u00e9rminos del fil\u00f3sofo Gilles Deleuze: el devenir vegetal del cuerpo humano y el devenir humano del cuerpo vegetal o mineral. Porque lo vegetal, para Gustavo Go\u00f1i, es tambi\u00e9n un cuerpo.<br>Restos hallados en la casa natal, restos vivos, posan contra el terciopelo negro en un \u201ccomo si\u201d de la pasarela y el modelo. Cada ejemplar bot\u00e1nico llevado al estudio es revivido por la magia de la luz y la oscuridad. En ese tropo, en estas metonimias visuales, lo vegetal y lo mineral se humanizan. El fruto del pl\u00e1tano cae con la gracia de un brazo; la espiga se alucina nervio. Una piedra hallada en Miramar se echa yacente como en una tumba nupcial etrusca, y en el erotismo de su sue\u00f1o es un cuerpo de mujer. La br\u00e1ctea que protege la inflorescencia de la monstera deliciosa se matiza de tonos pastel y se transmuta en capucha de un buzo urbano de medio tiempo: es un retrato misterioso lo que nos confronta.<br>En el car\u00e1cter de ornamento que adquieren estas formas, se deja leer una her\u00e1ldica de escudo de pueblo de la pampa gringa, con sus emblemas de abundancia: cornucopia, espiga. Una belleza cosmopolita y la vida que nace del terru\u00f1o se celebran entre s\u00ed. Porque se trata de crecer, sin dejar las ra\u00edces.<\/p>\n<\/div>\n<\/div><\/div>\n\n\n\n<p><strong><span style=\"text-decoration: underline;\">Ficha t\u00e9cnica<\/span><\/strong><\/p>\n\n\n\n<p>Nombre de la muestra: Fototropismo<\/p>\n\n\n\n<p>Artista: Gustavo Go\u00f1i<\/p>\n\n\n\n<p>Galer\u00eda: \u201cLocal 15\u201d (Pasaje Pan, C\u00f3rdoba 954, Rosario) <\/p>\n\n\n\n<p>Texto de sala: Beatriz Vignoli <\/p>\n\n\n\n<p>Montaje: Mat\u00edas Najar <\/p>\n\n\n\n<p>Enmarcado: Espacio C (Caro Setau) @espacioc_estudio_taller<\/p>\n\n\n\n<p>Dise\u00f1o de cat\u00e1logo: Mariana Coradello<\/p>\n\n\n\n<p>Registro de sala (fotos): Walter Salcedo<\/p>\n","protected":false},"excerpt":{"rendered":"<p>Ficha t\u00e9cnica Nombre de la muestra: Fototropismo Artista: Gustavo Go\u00f1i Galer\u00eda: \u201cLocal 15\u201d (Pasaje Pan, C\u00f3rdoba 954, Rosario) Texto de sala: Beatriz Vignoli Montaje: Mat\u00edas Najar Enmarcado: Espacio C (Caro Setau) @espacioc_estudio_taller Dise\u00f1o de cat\u00e1logo: Mariana Coradello Registro de sala (fotos): Walter Salcedo<\/p>\n","protected":false},"author":2,"featured_media":0,"parent":241,"menu_order":0,"comment_status":"closed","ping_status":"closed","template":"","meta":{"neve_meta_sidebar":"","neve_meta_container":"","neve_meta_enable_content_width":"","neve_meta_content_width":0,"neve_meta_title_alignment":"","neve_meta_author_avatar":"","neve_post_elements_order":"","neve_meta_disable_header":"","neve_meta_disable_footer":"","neve_meta_disable_title":"","advanced_seo_description":"","jetpack_seo_html_title":"","jetpack_seo_noindex":false,"_themeisle_gutenberg_block_has_review":false,"footnotes":""},"class_list":["post-745","page","type-page","status-publish","hentry"],"jetpack_sharing_enabled":true,"jetpack_likes_enabled":true,"_links":{"self":[{"href":"https:\/\/gustavogoni.com\/arte\/wp-json\/wp\/v2\/pages\/745","targetHints":{"allow":["GET"]}}],"collection":[{"href":"https:\/\/gustavogoni.com\/arte\/wp-json\/wp\/v2\/pages"}],"about":[{"href":"https:\/\/gustavogoni.com\/arte\/wp-json\/wp\/v2\/types\/page"}],"author":[{"embeddable":true,"href":"https:\/\/gustavogoni.com\/arte\/wp-json\/wp\/v2\/users\/2"}],"replies":[{"embeddable":true,"href":"https:\/\/gustavogoni.com\/arte\/wp-json\/wp\/v2\/comments?post=745"}],"version-history":[{"count":14,"href":"https:\/\/gustavogoni.com\/arte\/wp-json\/wp\/v2\/pages\/745\/revisions"}],"predecessor-version":[{"id":1031,"href":"https:\/\/gustavogoni.com\/arte\/wp-json\/wp\/v2\/pages\/745\/revisions\/1031"}],"up":[{"embeddable":true,"href":"https:\/\/gustavogoni.com\/arte\/wp-json\/wp\/v2\/pages\/241"}],"wp:attachment":[{"href":"https:\/\/gustavogoni.com\/arte\/wp-json\/wp\/v2\/media?parent=745"}],"curies":[{"name":"wp","href":"https:\/\/api.w.org\/{rel}","templated":true}]}}