{"id":732,"date":"2022-08-25T20:00:26","date_gmt":"2022-08-25T23:00:26","guid":{"rendered":"https:\/\/gustavogoni.com\/arte\/?page_id=732"},"modified":"2022-10-07T15:22:24","modified_gmt":"2022-10-07T18:22:24","slug":"cuerpo-presente","status":"publish","type":"page","link":"https:\/\/gustavogoni.com\/arte\/muestras\/cuerpo-presente\/","title":{"rendered":"Muestra \u00abCuerpo Presente\u00bb"},"content":{"rendered":"\n<div id=\"wp-block-themeisle-blocks-advanced-columns-0b6c5e7a\" class=\"wp-block-themeisle-blocks-advanced-columns has-0-columns has-desktop-undefined-layout has-tablet-equal-layout has-mobile-equal-layout has-vertical-unset\"><div class=\"wp-block-themeisle-blocks-advanced-columns-overlay\"><\/div><div class=\"innerblocks-wrap\"><\/div><\/div>\n\n\n\n<figure class=\"wp-block-image size-large\"><a href=\"https:\/\/gustavogoni.com\/arte\/wp-content\/uploads\/2022\/08\/Muestra-Cuerpo-Presente-2020-1.jpg\"><img loading=\"lazy\" decoding=\"async\" width=\"1024\" height=\"683\" data-attachment-id=\"733\" data-permalink=\"https:\/\/gustavogoni.com\/arte\/muestras\/cuerpo-presente\/muestra-cuerpo-presente-2020-1-2\/\" data-orig-file=\"https:\/\/gustavogoni.com\/arte\/wp-content\/uploads\/2022\/08\/Muestra-Cuerpo-Presente-2020-1.jpg\" data-orig-size=\"1080,720\" data-comments-opened=\"1\" data-image-meta=\"{&quot;aperture&quot;:&quot;8&quot;,&quot;credit&quot;:&quot;&quot;,&quot;camera&quot;:&quot;Canon EOS 5D Mark III&quot;,&quot;caption&quot;:&quot;&quot;,&quot;created_timestamp&quot;:&quot;1597746183&quot;,&quot;copyright&quot;:&quot;&quot;,&quot;focal_length&quot;:&quot;24&quot;,&quot;iso&quot;:&quot;400&quot;,&quot;shutter_speed&quot;:&quot;0.01&quot;,&quot;title&quot;:&quot;&quot;,&quot;orientation&quot;:&quot;1&quot;}\" data-image-title=\"Muestra-Cuerpo-Presente-2020-1\" data-image-description=\"\" data-image-caption=\"\" data-large-file=\"https:\/\/gustavogoni.com\/arte\/wp-content\/uploads\/2022\/08\/Muestra-Cuerpo-Presente-2020-1-1024x683.jpg\" src=\"https:\/\/gustavogoni.com\/arte\/wp-content\/uploads\/2022\/08\/Muestra-Cuerpo-Presente-2020-1-1024x683.jpg\" alt=\"\" class=\"wp-image-733\" srcset=\"https:\/\/gustavogoni.com\/arte\/wp-content\/uploads\/2022\/08\/Muestra-Cuerpo-Presente-2020-1-1024x683.jpg 1024w, https:\/\/gustavogoni.com\/arte\/wp-content\/uploads\/2022\/08\/Muestra-Cuerpo-Presente-2020-1-300x200.jpg 300w, https:\/\/gustavogoni.com\/arte\/wp-content\/uploads\/2022\/08\/Muestra-Cuerpo-Presente-2020-1-768x512.jpg 768w, https:\/\/gustavogoni.com\/arte\/wp-content\/uploads\/2022\/08\/Muestra-Cuerpo-Presente-2020-1-930x620.jpg 930w, https:\/\/gustavogoni.com\/arte\/wp-content\/uploads\/2022\/08\/Muestra-Cuerpo-Presente-2020-1.jpg 1080w\" sizes=\"auto, (max-width: 1024px) 100vw, 1024px\" \/><\/a><\/figure>\n\n\n\n<p><\/p>\n\n\n\n<p>La muestra \u00abCuerpo presente\u00bb se realiz\u00f3 entre agosto y octubre de 2020 en la Galer\u00eda \u00abLocal 15\u00bb, ciudad de Rosario.<\/p>\n\n\n<div class=\"wp-block-image\">\n<figure class=\"aligncenter size-large\"><a href=\"https:\/\/gustavogoni.com\/arte\/wp-content\/uploads\/2022\/08\/2020-Muestra-Cuerpo-Presente_V9A8198-scaled.jpg\"><img loading=\"lazy\" decoding=\"async\" width=\"1024\" height=\"341\" data-attachment-id=\"737\" data-permalink=\"https:\/\/gustavogoni.com\/arte\/muestras\/cuerpo-presente\/2020-muestra-cuerpo-presente_v9a8198\/\" data-orig-file=\"https:\/\/gustavogoni.com\/arte\/wp-content\/uploads\/2022\/08\/2020-Muestra-Cuerpo-Presente_V9A8198-scaled.jpg\" data-orig-size=\"2560,853\" data-comments-opened=\"1\" data-image-meta=\"{&quot;aperture&quot;:&quot;6.3&quot;,&quot;credit&quot;:&quot;&quot;,&quot;camera&quot;:&quot;Canon EOS 5D Mark III&quot;,&quot;caption&quot;:&quot;&quot;,&quot;created_timestamp&quot;:&quot;1597337374&quot;,&quot;copyright&quot;:&quot;&quot;,&quot;focal_length&quot;:&quot;24&quot;,&quot;iso&quot;:&quot;3200&quot;,&quot;shutter_speed&quot;:&quot;0.008&quot;,&quot;title&quot;:&quot;&quot;,&quot;orientation&quot;:&quot;1&quot;}\" data-image-title=\"2020-Muestra-Cuerpo-Presente_V9A8198\" data-image-description=\"\" data-image-caption=\"\" data-large-file=\"https:\/\/gustavogoni.com\/arte\/wp-content\/uploads\/2022\/08\/2020-Muestra-Cuerpo-Presente_V9A8198-1024x341.jpg\" src=\"https:\/\/gustavogoni.com\/arte\/wp-content\/uploads\/2022\/08\/2020-Muestra-Cuerpo-Presente_V9A8198-1024x341.jpg\" alt=\"\" class=\"wp-image-737\" srcset=\"https:\/\/gustavogoni.com\/arte\/wp-content\/uploads\/2022\/08\/2020-Muestra-Cuerpo-Presente_V9A8198-1024x341.jpg 1024w, https:\/\/gustavogoni.com\/arte\/wp-content\/uploads\/2022\/08\/2020-Muestra-Cuerpo-Presente_V9A8198-300x100.jpg 300w, https:\/\/gustavogoni.com\/arte\/wp-content\/uploads\/2022\/08\/2020-Muestra-Cuerpo-Presente_V9A8198-768x256.jpg 768w, https:\/\/gustavogoni.com\/arte\/wp-content\/uploads\/2022\/08\/2020-Muestra-Cuerpo-Presente_V9A8198-1536x512.jpg 1536w, https:\/\/gustavogoni.com\/arte\/wp-content\/uploads\/2022\/08\/2020-Muestra-Cuerpo-Presente_V9A8198-2048x683.jpg 2048w\" sizes=\"auto, (max-width: 1024px) 100vw, 1024px\" \/><\/a><\/figure>\n<\/div>\n\n\n<figure class=\"wp-block-gallery has-nested-images columns-default is-cropped wp-block-gallery-1 is-layout-flex wp-block-gallery-is-layout-flex\">\n<figure class=\"wp-block-image size-large\"><a href=\"https:\/\/gustavogoni.com\/arte\/wp-content\/uploads\/2022\/08\/2020-Muestra-Cuerpo-Presente_V9A0173_V9A0166.jpg\"><img loading=\"lazy\" decoding=\"async\" width=\"1024\" height=\"1024\" data-attachment-id=\"735\" data-permalink=\"https:\/\/gustavogoni.com\/arte\/muestras\/cuerpo-presente\/2020-muestra-cuerpo-presente_v9a0173_v9a0166\/\" data-orig-file=\"https:\/\/gustavogoni.com\/arte\/wp-content\/uploads\/2022\/08\/2020-Muestra-Cuerpo-Presente_V9A0173_V9A0166.jpg\" data-orig-size=\"1080,1080\" data-comments-opened=\"1\" data-image-meta=\"{&quot;aperture&quot;:&quot;13&quot;,&quot;credit&quot;:&quot;&quot;,&quot;camera&quot;:&quot;Canon EOS 5D Mark III&quot;,&quot;caption&quot;:&quot;&quot;,&quot;created_timestamp&quot;:&quot;1597746569&quot;,&quot;copyright&quot;:&quot;&quot;,&quot;focal_length&quot;:&quot;24&quot;,&quot;iso&quot;:&quot;400&quot;,&quot;shutter_speed&quot;:&quot;0.04&quot;,&quot;title&quot;:&quot;&quot;,&quot;orientation&quot;:&quot;1&quot;}\" data-image-title=\"2020-Muestra-Cuerpo-Presente_V9A0173_V9A0166\" data-image-description=\"\" data-image-caption=\"\" data-large-file=\"https:\/\/gustavogoni.com\/arte\/wp-content\/uploads\/2022\/08\/2020-Muestra-Cuerpo-Presente_V9A0173_V9A0166-1024x1024.jpg\" data-id=\"735\" src=\"https:\/\/gustavogoni.com\/arte\/wp-content\/uploads\/2022\/08\/2020-Muestra-Cuerpo-Presente_V9A0173_V9A0166-1024x1024.jpg\" alt=\"\" class=\"wp-image-735\" srcset=\"https:\/\/gustavogoni.com\/arte\/wp-content\/uploads\/2022\/08\/2020-Muestra-Cuerpo-Presente_V9A0173_V9A0166-1024x1024.jpg 1024w, https:\/\/gustavogoni.com\/arte\/wp-content\/uploads\/2022\/08\/2020-Muestra-Cuerpo-Presente_V9A0173_V9A0166-300x300.jpg 300w, https:\/\/gustavogoni.com\/arte\/wp-content\/uploads\/2022\/08\/2020-Muestra-Cuerpo-Presente_V9A0173_V9A0166-150x150.jpg 150w, https:\/\/gustavogoni.com\/arte\/wp-content\/uploads\/2022\/08\/2020-Muestra-Cuerpo-Presente_V9A0173_V9A0166-768x768.jpg 768w, https:\/\/gustavogoni.com\/arte\/wp-content\/uploads\/2022\/08\/2020-Muestra-Cuerpo-Presente_V9A0173_V9A0166.jpg 1080w\" sizes=\"auto, (max-width: 1024px) 100vw, 1024px\" \/><\/a><\/figure>\n\n\n\n<figure class=\"wp-block-image size-full\"><a href=\"https:\/\/gustavogoni.com\/arte\/wp-content\/uploads\/2022\/08\/2020-Muestra-Cuerpo-Presente_V9A8180.jpg\"><img loading=\"lazy\" decoding=\"async\" width=\"567\" height=\"567\" data-attachment-id=\"736\" data-permalink=\"https:\/\/gustavogoni.com\/arte\/muestras\/cuerpo-presente\/2020-muestra-cuerpo-presente_v9a8180\/\" data-orig-file=\"https:\/\/gustavogoni.com\/arte\/wp-content\/uploads\/2022\/08\/2020-Muestra-Cuerpo-Presente_V9A8180.jpg\" data-orig-size=\"567,567\" data-comments-opened=\"1\" data-image-meta=\"{&quot;aperture&quot;:&quot;9&quot;,&quot;credit&quot;:&quot;&quot;,&quot;camera&quot;:&quot;Canon EOS 5D Mark III&quot;,&quot;caption&quot;:&quot;&quot;,&quot;created_timestamp&quot;:&quot;1597336867&quot;,&quot;copyright&quot;:&quot;&quot;,&quot;focal_length&quot;:&quot;25&quot;,&quot;iso&quot;:&quot;3200&quot;,&quot;shutter_speed&quot;:&quot;0.008&quot;,&quot;title&quot;:&quot;&quot;,&quot;orientation&quot;:&quot;1&quot;}\" data-image-title=\"2020-Muestra-Cuerpo-Presente_V9A8180\" data-image-description=\"\" data-image-caption=\"\" data-large-file=\"https:\/\/gustavogoni.com\/arte\/wp-content\/uploads\/2022\/08\/2020-Muestra-Cuerpo-Presente_V9A8180.jpg\" data-id=\"736\" src=\"https:\/\/gustavogoni.com\/arte\/wp-content\/uploads\/2022\/08\/2020-Muestra-Cuerpo-Presente_V9A8180.jpg\" alt=\"\" class=\"wp-image-736\" srcset=\"https:\/\/gustavogoni.com\/arte\/wp-content\/uploads\/2022\/08\/2020-Muestra-Cuerpo-Presente_V9A8180.jpg 567w, https:\/\/gustavogoni.com\/arte\/wp-content\/uploads\/2022\/08\/2020-Muestra-Cuerpo-Presente_V9A8180-300x300.jpg 300w, https:\/\/gustavogoni.com\/arte\/wp-content\/uploads\/2022\/08\/2020-Muestra-Cuerpo-Presente_V9A8180-150x150.jpg 150w\" sizes=\"auto, (max-width: 567px) 100vw, 567px\" \/><\/a><\/figure>\n<\/figure>\n\n\n\n<p><\/p>\n\n\n<div class=\"wp-block-image\">\n<figure class=\"aligncenter size-large\"><a href=\"https:\/\/gustavogoni.com\/arte\/wp-content\/uploads\/2022\/08\/2020-Muestra-Cuerpo-Presente_V9A0173.jpg\"><img loading=\"lazy\" decoding=\"async\" width=\"1024\" height=\"683\" data-attachment-id=\"734\" data-permalink=\"https:\/\/gustavogoni.com\/arte\/muestras\/cuerpo-presente\/2020-muestra-cuerpo-presente_v9a0173\/\" data-orig-file=\"https:\/\/gustavogoni.com\/arte\/wp-content\/uploads\/2022\/08\/2020-Muestra-Cuerpo-Presente_V9A0173.jpg\" data-orig-size=\"1620,1080\" data-comments-opened=\"1\" data-image-meta=\"{&quot;aperture&quot;:&quot;7.1&quot;,&quot;credit&quot;:&quot;&quot;,&quot;camera&quot;:&quot;Canon EOS 5D Mark III&quot;,&quot;caption&quot;:&quot;&quot;,&quot;created_timestamp&quot;:&quot;1597746656&quot;,&quot;copyright&quot;:&quot;&quot;,&quot;focal_length&quot;:&quot;24&quot;,&quot;iso&quot;:&quot;400&quot;,&quot;shutter_speed&quot;:&quot;0.025&quot;,&quot;title&quot;:&quot;&quot;,&quot;orientation&quot;:&quot;1&quot;}\" data-image-title=\"2020-Muestra-Cuerpo-Presente_V9A0173\" data-image-description=\"\" data-image-caption=\"\" data-large-file=\"https:\/\/gustavogoni.com\/arte\/wp-content\/uploads\/2022\/08\/2020-Muestra-Cuerpo-Presente_V9A0173-1024x683.jpg\" src=\"https:\/\/gustavogoni.com\/arte\/wp-content\/uploads\/2022\/08\/2020-Muestra-Cuerpo-Presente_V9A0173-1024x683.jpg\" alt=\"\" class=\"wp-image-734\" srcset=\"https:\/\/gustavogoni.com\/arte\/wp-content\/uploads\/2022\/08\/2020-Muestra-Cuerpo-Presente_V9A0173-1024x683.jpg 1024w, https:\/\/gustavogoni.com\/arte\/wp-content\/uploads\/2022\/08\/2020-Muestra-Cuerpo-Presente_V9A0173-300x200.jpg 300w, https:\/\/gustavogoni.com\/arte\/wp-content\/uploads\/2022\/08\/2020-Muestra-Cuerpo-Presente_V9A0173-768x512.jpg 768w, https:\/\/gustavogoni.com\/arte\/wp-content\/uploads\/2022\/08\/2020-Muestra-Cuerpo-Presente_V9A0173-1536x1024.jpg 1536w, https:\/\/gustavogoni.com\/arte\/wp-content\/uploads\/2022\/08\/2020-Muestra-Cuerpo-Presente_V9A0173-930x620.jpg 930w, https:\/\/gustavogoni.com\/arte\/wp-content\/uploads\/2022\/08\/2020-Muestra-Cuerpo-Presente_V9A0173.jpg 1620w\" sizes=\"auto, (max-width: 1024px) 100vw, 1024px\" \/><\/a><\/figure>\n<\/div>\n\n\n<p><\/p>\n\n\n\n<p><strong>Ficha t\u00e9cnica:<\/strong><\/p>\n\n\n\n<ul class=\"wp-block-list\"><li><strong>Nombre de la muestra:<\/strong> Cuerpo presente<\/li><li><strong>Artista:<\/strong> Gustavo Go\u00f1i <\/li><li><strong>Texto de sala:<\/strong> Georgina Ru\u00edz @ruizyor<\/li><li><strong>Galer\u00eda:<\/strong> \u201cLocal 15\u201d (Local 15 de Pasaje Pan, C\u00f3rdoba 954, Rosario y @local15pasajepan)<\/li><li><strong>Productor \/ montaje:<\/strong> Mat\u00edas Najar @matiasnajar_<\/li><li><strong>Enmarcado:<\/strong> Espacio C (Caro Setau) @espacioc_estudio_taller<\/li><li><strong>Transporte de obra:<\/strong> Fragile transporte @fragiletransporte<\/li><li><strong>Dise\u00f1o de cat\u00e1logo:<\/strong> Mariana Coradello @mar.coradello<\/li><li><strong>Registro audiovisual:<\/strong> Aaron Oviedo @aarondavidfotografo y Federico Barbar\u00e1 @federicobarbara1<\/li><li><strong>Comunicaci\u00f3n:<\/strong> Jos\u00e9 Boggione @joseboggione<\/li><\/ul>\n","protected":false},"excerpt":{"rendered":"<p>La muestra \u00abCuerpo presente\u00bb se realiz\u00f3 entre agosto y octubre de 2020 en la Galer\u00eda \u00abLocal 15\u00bb, ciudad de Rosario. Ficha t\u00e9cnica: Nombre de la muestra: Cuerpo presente Artista: Gustavo Go\u00f1i Texto de sala: Georgina Ru\u00edz @ruizyor Galer\u00eda: \u201cLocal 15\u201d (Local 15 de Pasaje Pan, C\u00f3rdoba 954, Rosario y @local15pasajepan) Productor \/ montaje: Mat\u00edas Najar&hellip;&nbsp;<a href=\"https:\/\/gustavogoni.com\/arte\/muestras\/cuerpo-presente\/\" rel=\"bookmark\">Leer m\u00e1s &raquo;<span class=\"screen-reader-text\">Muestra \u00abCuerpo Presente\u00bb<\/span><\/a><\/p>\n","protected":false},"author":2,"featured_media":0,"parent":241,"menu_order":3,"comment_status":"closed","ping_status":"closed","template":"","meta":{"neve_meta_sidebar":"","neve_meta_container":"","neve_meta_enable_content_width":"","neve_meta_content_width":0,"neve_meta_title_alignment":"","neve_meta_author_avatar":"","neve_post_elements_order":"","neve_meta_disable_header":"","neve_meta_disable_footer":"","neve_meta_disable_title":"","advanced_seo_description":"","jetpack_seo_html_title":"","jetpack_seo_noindex":false,"_themeisle_gutenberg_block_has_review":false,"footnotes":""},"class_list":["post-732","page","type-page","status-publish","hentry"],"jetpack_sharing_enabled":true,"jetpack_likes_enabled":true,"_links":{"self":[{"href":"https:\/\/gustavogoni.com\/arte\/wp-json\/wp\/v2\/pages\/732","targetHints":{"allow":["GET"]}}],"collection":[{"href":"https:\/\/gustavogoni.com\/arte\/wp-json\/wp\/v2\/pages"}],"about":[{"href":"https:\/\/gustavogoni.com\/arte\/wp-json\/wp\/v2\/types\/page"}],"author":[{"embeddable":true,"href":"https:\/\/gustavogoni.com\/arte\/wp-json\/wp\/v2\/users\/2"}],"replies":[{"embeddable":true,"href":"https:\/\/gustavogoni.com\/arte\/wp-json\/wp\/v2\/comments?post=732"}],"version-history":[{"count":2,"href":"https:\/\/gustavogoni.com\/arte\/wp-json\/wp\/v2\/pages\/732\/revisions"}],"predecessor-version":[{"id":739,"href":"https:\/\/gustavogoni.com\/arte\/wp-json\/wp\/v2\/pages\/732\/revisions\/739"}],"up":[{"embeddable":true,"href":"https:\/\/gustavogoni.com\/arte\/wp-json\/wp\/v2\/pages\/241"}],"wp:attachment":[{"href":"https:\/\/gustavogoni.com\/arte\/wp-json\/wp\/v2\/media?parent=732"}],"curies":[{"name":"wp","href":"https:\/\/api.w.org\/{rel}","templated":true}]}}