{"id":672,"date":"2022-08-22T15:56:13","date_gmt":"2022-08-22T18:56:13","guid":{"rendered":"https:\/\/gustavogoni.com\/arte\/?page_id=672"},"modified":"2025-11-05T17:54:26","modified_gmt":"2025-11-05T20:54:26","slug":"exposiciones","status":"publish","type":"page","link":"https:\/\/gustavogoni.com\/arte\/bio\/exposiciones\/","title":{"rendered":"Charlas, talleres y conferencias"},"content":{"rendered":"\n<div id=\"wp-block-themeisle-blocks-advanced-columns-9b75ba1a\" class=\"wp-block-themeisle-blocks-advanced-columns has-0-columns has-desktop-undefined-layout has-tablet-equal-layout has-mobile-equal-layout has-vertical-unset\"><div class=\"wp-block-themeisle-blocks-advanced-columns-overlay\"><\/div><div class=\"innerblocks-wrap\"><\/div><\/div>\n\n\n\n<p class=\"has-medium-font-size\"><\/p>\n\n\n\n<p class=\"has-medium-font-size\">Disertaci\u00f3n sobre fotograf\u00eda de Moda. Cuidad de La Punta, prov. de San Luis. 2014<\/p>\n\n\n\n<p class=\"has-medium-font-size\">Disertaci\u00f3n en el ciclo \u201cRosario Obtura\u201d. Centro Cultural Fontanarrosa, Rosario. 2014 y 2015.<\/p>\n\n\n\n<p class=\"has-medium-font-size\">Taller de fotograf\u00eda para moda, en el ciclo \u201cRosario Obtura\u201d. Sala Lavard\u00e9n. Rosario. 2015.<\/p>\n\n\n\n<p class=\"has-medium-font-size\">Taller de fotograf\u00eda. Universidad Adventista del Plata, Villa General San Mart\u00edn, prov. de Entre R\u00edos. 2015.<\/p>\n\n\n\n<p class=\"has-medium-font-size\">Disertaci\u00f3n \u201cLa vigencia del barroco\u201d. C\u00e1tedra Historia II. Escuela de Bellas Artes. UNR. 2016.<\/p>\n\n\n\n<p class=\"has-medium-font-size\">Master class de fotograf\u00eda y maquillaje. Escuela de est\u00e9tica \u201cProfesi\u00f3n Belleza\u201d. Rosario. 2018.<\/p>\n\n\n\n<p class=\"has-medium-font-size\">Disertaci\u00f3n \u201cFotograf\u00eda expandida\u201d. C\u00e1tedra Laboratorio I. Facultad de Humanidades y Artes. Universidad Nacional de Rosario (UNR). 2023.<\/p>\n\n\n\n<p class=\"has-medium-font-size\">Charla abierta organizada por la C\u00e1tedra de Dibujo V (Comisi\u00f3n C). Facultad de Humanidades y Artes, UNR. 2025.<\/p>\n\n\n\n<p class=\"has-medium-font-size\">Conversatorio \u00abModos y modas. Oficio, creatividad y territorio en la moda local\u00bb. Participaci\u00f3n junto a otros referentes de la moda local. ECU (Espacio Cultural Universitario). Rosario. 2025.<\/p>\n\n\n\n<p class=\"has-medium-font-size\">Clase abierta en el ISET N\u00b018 (Instituto Superior de Ense\u00f1anza T\u00e9cnica \u00ab20 de Junio\u00bb). Rosario. 2025.<\/p>\n\n\n\n<p><\/p>\n\n\n\n<p><\/p>\n\n\n\n<p class=\"has-medium-font-size\"><\/p>\n\n\n\n<p><\/p>\n\n\n\n<p><a href=\"https:\/\/gustavogoni.com\/arte\/bio\/\" data-type=\"page\" data-id=\"139\">Volver a Bio<\/a><\/p>\n\n\n\n<hr class=\"wp-block-separator has-alpha-channel-opacity\"\/>\n\n\n\n<figure class=\"wp-block-embed is-type-video is-provider-youtube wp-block-embed-youtube wp-embed-aspect-16-9 wp-has-aspect-ratio\"><div class=\"wp-block-embed__wrapper\">\n<div class=\"nv-iframe-embed\"><iframe loading=\"lazy\" title=\"La vigencia del Barroco - Gustavo Go\u00f1i\" width=\"1200\" height=\"675\" src=\"https:\/\/www.youtube.com\/embed\/6sFeSbC8VdU?feature=oembed\" frameborder=\"0\" allow=\"accelerometer; autoplay; clipboard-write; encrypted-media; gyroscope; picture-in-picture; web-share\" referrerpolicy=\"strict-origin-when-cross-origin\" allowfullscreen><\/iframe><\/div>\n<\/div><figcaption class=\"wp-element-caption\"><strong>Clase sobre La vigencia del barroco en la Facultad de Bellas Artes de la Universidad Nacional de Rosario<\/strong><\/figcaption><\/figure>\n\n\n\n<hr class=\"wp-block-separator has-alpha-channel-opacity\"\/>\n\n\n\n<figure class=\"wp-block-embed is-type-video is-provider-youtube wp-block-embed-youtube wp-embed-aspect-16-9 wp-has-aspect-ratio\"><div class=\"wp-block-embed__wrapper\">\n<div class=\"nv-iframe-embed\"><iframe loading=\"lazy\" title=\"Gustavo Go\u00f1i: &quot;Fotograf\u00eda expandida&quot; - Facultad de Humanidades y Artes (UNR) - 2023-05-09\" width=\"1200\" height=\"675\" src=\"https:\/\/www.youtube.com\/embed\/d0etNdoWcvo?feature=oembed\" frameborder=\"0\" allow=\"accelerometer; autoplay; clipboard-write; encrypted-media; gyroscope; picture-in-picture; web-share\" referrerpolicy=\"strict-origin-when-cross-origin\" allowfullscreen><\/iframe><\/div>\n<\/div><figcaption class=\"wp-element-caption\">Disertaci\u00f3n \u201cFotograf\u00eda expandida\u201d. Facultad de Humanidades y Artes. Universidad Nacional de Rosario (UNR). 2023<\/figcaption><\/figure>\n\n\n\n<figure class=\"wp-block-image size-large is-resized\"><a href=\"https:\/\/gustavogoni.com\/arte\/wp-content\/uploads\/2023\/11\/Gustavo-en-Rosario-Obtura-2014-08-03-baja.jpg\"><img loading=\"lazy\" decoding=\"async\" width=\"1024\" height=\"575\" data-attachment-id=\"985\" data-permalink=\"https:\/\/gustavogoni.com\/arte\/bio\/exposiciones\/gustavo-en-rosario-obtura-2014-08-03-baja\/\" data-orig-file=\"https:\/\/gustavogoni.com\/arte\/wp-content\/uploads\/2023\/11\/Gustavo-en-Rosario-Obtura-2014-08-03-baja.jpg\" data-orig-size=\"1080,606\" data-comments-opened=\"1\" data-image-meta=\"{&quot;aperture&quot;:&quot;2.4&quot;,&quot;credit&quot;:&quot;&quot;,&quot;camera&quot;:&quot;Lumia 620&quot;,&quot;caption&quot;:&quot;&quot;,&quot;created_timestamp&quot;:&quot;1407094494&quot;,&quot;copyright&quot;:&quot;&quot;,&quot;focal_length&quot;:&quot;0&quot;,&quot;iso&quot;:&quot;160&quot;,&quot;shutter_speed&quot;:&quot;0.069449&quot;,&quot;title&quot;:&quot;&quot;,&quot;orientation&quot;:&quot;1&quot;}\" data-image-title=\"Gustavo-en-Rosario-Obtura-2014-08-03-baja\" data-image-description=\"\" data-image-caption=\"\" data-large-file=\"https:\/\/gustavogoni.com\/arte\/wp-content\/uploads\/2023\/11\/Gustavo-en-Rosario-Obtura-2014-08-03-baja-1024x575.jpg\" src=\"https:\/\/gustavogoni.com\/arte\/wp-content\/uploads\/2023\/11\/Gustavo-en-Rosario-Obtura-2014-08-03-baja-1024x575.jpg\" alt=\"\" class=\"wp-image-985\" style=\"width:787px;height:auto\" srcset=\"https:\/\/gustavogoni.com\/arte\/wp-content\/uploads\/2023\/11\/Gustavo-en-Rosario-Obtura-2014-08-03-baja-1024x575.jpg 1024w, https:\/\/gustavogoni.com\/arte\/wp-content\/uploads\/2023\/11\/Gustavo-en-Rosario-Obtura-2014-08-03-baja-300x168.jpg 300w, https:\/\/gustavogoni.com\/arte\/wp-content\/uploads\/2023\/11\/Gustavo-en-Rosario-Obtura-2014-08-03-baja-768x431.jpg 768w, https:\/\/gustavogoni.com\/arte\/wp-content\/uploads\/2023\/11\/Gustavo-en-Rosario-Obtura-2014-08-03-baja.jpg 1080w\" sizes=\"auto, (max-width: 1024px) 100vw, 1024px\" \/><\/a><\/figure>\n\n\n\n<p>Disertaci\u00f3n en el ciclo \u201cRosario Obtura\u201d. Centro Cultural Fontanarrosa, Rosario. 2014<\/p>\n\n\n\n<figure class=\"wp-block-image size-large\"><a href=\"https:\/\/gustavogoni.com\/arte\/wp-content\/uploads\/2025\/05\/Charla-en-Catedra-Dibujo-V-UNR-2025-3.jpg\"><img loading=\"lazy\" decoding=\"async\" width=\"1024\" height=\"588\" data-attachment-id=\"1215\" data-permalink=\"https:\/\/gustavogoni.com\/arte\/bio\/exposiciones\/charla-en-catedra-dibujo-v-unr-2025-3\/\" data-orig-file=\"https:\/\/gustavogoni.com\/arte\/wp-content\/uploads\/2025\/05\/Charla-en-Catedra-Dibujo-V-UNR-2025-3.jpg\" data-orig-size=\"1280,735\" data-comments-opened=\"1\" data-image-meta=\"{&quot;aperture&quot;:&quot;0&quot;,&quot;credit&quot;:&quot;&quot;,&quot;camera&quot;:&quot;&quot;,&quot;caption&quot;:&quot;&quot;,&quot;created_timestamp&quot;:&quot;0&quot;,&quot;copyright&quot;:&quot;&quot;,&quot;focal_length&quot;:&quot;0&quot;,&quot;iso&quot;:&quot;0&quot;,&quot;shutter_speed&quot;:&quot;0&quot;,&quot;title&quot;:&quot;&quot;,&quot;orientation&quot;:&quot;0&quot;}\" data-image-title=\"Charla en C\u00e1tedra Dibujo V &amp;#8211; UNR &amp;#8211; 2025 &amp;#8211; 3\" data-image-description=\"\" data-image-caption=\"\" data-large-file=\"https:\/\/gustavogoni.com\/arte\/wp-content\/uploads\/2025\/05\/Charla-en-Catedra-Dibujo-V-UNR-2025-3-1024x588.jpg\" src=\"https:\/\/gustavogoni.com\/arte\/wp-content\/uploads\/2025\/05\/Charla-en-Catedra-Dibujo-V-UNR-2025-3-1024x588.jpg\" alt=\"\" class=\"wp-image-1215\" srcset=\"https:\/\/gustavogoni.com\/arte\/wp-content\/uploads\/2025\/05\/Charla-en-Catedra-Dibujo-V-UNR-2025-3-1024x588.jpg 1024w, https:\/\/gustavogoni.com\/arte\/wp-content\/uploads\/2025\/05\/Charla-en-Catedra-Dibujo-V-UNR-2025-3-300x172.jpg 300w, https:\/\/gustavogoni.com\/arte\/wp-content\/uploads\/2025\/05\/Charla-en-Catedra-Dibujo-V-UNR-2025-3-768x441.jpg 768w, https:\/\/gustavogoni.com\/arte\/wp-content\/uploads\/2025\/05\/Charla-en-Catedra-Dibujo-V-UNR-2025-3.jpg 1280w\" sizes=\"auto, (max-width: 1024px) 100vw, 1024px\" \/><\/a><\/figure>\n\n\n\n<p id=\"block-c762606a-a6d1-4fde-8705-892942585b5d\">Charla abierta en la Universidad Nacional de Rosario. 2025<\/p>\n\n\n\n<figure class=\"wp-block-video\"><video height=\"1920\" style=\"aspect-ratio: 1080 \/ 1920;\" width=\"1080\" autoplay controls loop muted src=\"https:\/\/gustavogoni.com\/arte\/wp-content\/uploads\/2025\/11\/Gustavo_Goni_ISET_18_clase_abierta_2025.mp4\"><\/video><\/figure>\n\n\n\n<p>Clase abierta en el ISET N\u00b018 <\/p>\n","protected":false},"excerpt":{"rendered":"<p>Disertaci\u00f3n sobre fotograf\u00eda de Moda. Cuidad de La Punta, prov. de San Luis. 2014 Disertaci\u00f3n en el ciclo \u201cRosario Obtura\u201d. Centro Cultural Fontanarrosa, Rosario. 2014 y 2015. Taller de fotograf\u00eda para moda, en el ciclo \u201cRosario Obtura\u201d. Sala Lavard\u00e9n. Rosario. 2015. Taller de fotograf\u00eda. Universidad Adventista del Plata, Villa General San Mart\u00edn, prov. de Entre&hellip;&nbsp;<a href=\"https:\/\/gustavogoni.com\/arte\/bio\/exposiciones\/\" rel=\"bookmark\">Leer m\u00e1s &raquo;<span class=\"screen-reader-text\">Charlas, talleres y conferencias<\/span><\/a><\/p>\n","protected":false},"author":2,"featured_media":0,"parent":139,"menu_order":3,"comment_status":"closed","ping_status":"closed","template":"","meta":{"neve_meta_sidebar":"","neve_meta_container":"","neve_meta_enable_content_width":"","neve_meta_content_width":0,"neve_meta_title_alignment":"","neve_meta_author_avatar":"","neve_post_elements_order":"","neve_meta_disable_header":"","neve_meta_disable_footer":"","neve_meta_disable_title":"","advanced_seo_description":"","jetpack_seo_html_title":"","jetpack_seo_noindex":false,"_themeisle_gutenberg_block_has_review":false,"footnotes":""},"class_list":["post-672","page","type-page","status-publish","hentry"],"jetpack_sharing_enabled":true,"jetpack_likes_enabled":true,"_links":{"self":[{"href":"https:\/\/gustavogoni.com\/arte\/wp-json\/wp\/v2\/pages\/672","targetHints":{"allow":["GET"]}}],"collection":[{"href":"https:\/\/gustavogoni.com\/arte\/wp-json\/wp\/v2\/pages"}],"about":[{"href":"https:\/\/gustavogoni.com\/arte\/wp-json\/wp\/v2\/types\/page"}],"author":[{"embeddable":true,"href":"https:\/\/gustavogoni.com\/arte\/wp-json\/wp\/v2\/users\/2"}],"replies":[{"embeddable":true,"href":"https:\/\/gustavogoni.com\/arte\/wp-json\/wp\/v2\/comments?post=672"}],"version-history":[{"count":12,"href":"https:\/\/gustavogoni.com\/arte\/wp-json\/wp\/v2\/pages\/672\/revisions"}],"predecessor-version":[{"id":1531,"href":"https:\/\/gustavogoni.com\/arte\/wp-json\/wp\/v2\/pages\/672\/revisions\/1531"}],"up":[{"embeddable":true,"href":"https:\/\/gustavogoni.com\/arte\/wp-json\/wp\/v2\/pages\/139"}],"wp:attachment":[{"href":"https:\/\/gustavogoni.com\/arte\/wp-json\/wp\/v2\/media?parent=672"}],"curies":[{"name":"wp","href":"https:\/\/api.w.org\/{rel}","templated":true}]}}