{"id":653,"date":"2022-08-18T14:48:07","date_gmt":"2022-08-18T17:48:07","guid":{"rendered":"https:\/\/gustavogoni.com\/arte\/?page_id=653"},"modified":"2022-08-18T14:48:08","modified_gmt":"2022-08-18T17:48:08","slug":"mural-sir-fausto","status":"publish","type":"page","link":"https:\/\/gustavogoni.com\/arte\/obra\/pintura\/mural-sir-fausto\/","title":{"rendered":"Mural Sir Fausto"},"content":{"rendered":"\n<div id=\"wp-block-themeisle-blocks-advanced-columns-a6c3ed3a\" class=\"wp-block-themeisle-blocks-advanced-columns has-0-columns has-desktop-undefined-layout has-tablet-equal-layout has-mobile-equal-layout has-vertical-unset\"><div class=\"wp-block-themeisle-blocks-advanced-columns-overlay\"><\/div><div class=\"innerblocks-wrap\"><\/div><\/div>\n\n\n\n<h2 class=\"wp-block-heading\">Mural Sir Fauto<\/h2>\n\n\n<div class=\"wp-block-image\">\n<figure class=\"aligncenter size-large is-resized\"><a href=\"https:\/\/gustavogoni.com\/arte\/wp-content\/uploads\/2022\/08\/Mural-en-Sir-Fausto-2018-05-06-at-13.07.13.jpeg\"><img loading=\"lazy\" decoding=\"async\" data-attachment-id=\"600\" data-permalink=\"https:\/\/gustavogoni.com\/arte\/mural-en-sir-fausto-2018-05-06-at-13-07-13\/\" data-orig-file=\"https:\/\/gustavogoni.com\/arte\/wp-content\/uploads\/2022\/08\/Mural-en-Sir-Fausto-2018-05-06-at-13.07.13.jpeg\" data-orig-size=\"1024,1024\" data-comments-opened=\"1\" data-image-meta=\"{&quot;aperture&quot;:&quot;0&quot;,&quot;credit&quot;:&quot;&quot;,&quot;camera&quot;:&quot;&quot;,&quot;caption&quot;:&quot;&quot;,&quot;created_timestamp&quot;:&quot;0&quot;,&quot;copyright&quot;:&quot;&quot;,&quot;focal_length&quot;:&quot;0&quot;,&quot;iso&quot;:&quot;0&quot;,&quot;shutter_speed&quot;:&quot;0&quot;,&quot;title&quot;:&quot;&quot;,&quot;orientation&quot;:&quot;0&quot;}\" data-image-title=\"Mural en Sir Fausto 2018-05-06 at 13.07.13\" data-image-description=\"\" data-image-caption=\"\" data-large-file=\"https:\/\/gustavogoni.com\/arte\/wp-content\/uploads\/2022\/08\/Mural-en-Sir-Fausto-2018-05-06-at-13.07.13-1024x1024.jpeg\" src=\"https:\/\/gustavogoni.com\/arte\/wp-content\/uploads\/2022\/08\/Mural-en-Sir-Fausto-2018-05-06-at-13.07.13-1024x1024.jpeg\" alt=\"\" class=\"wp-image-600\" width=\"768\" height=\"768\" srcset=\"https:\/\/gustavogoni.com\/arte\/wp-content\/uploads\/2022\/08\/Mural-en-Sir-Fausto-2018-05-06-at-13.07.13.jpeg 1024w, https:\/\/gustavogoni.com\/arte\/wp-content\/uploads\/2022\/08\/Mural-en-Sir-Fausto-2018-05-06-at-13.07.13-300x300.jpeg 300w, https:\/\/gustavogoni.com\/arte\/wp-content\/uploads\/2022\/08\/Mural-en-Sir-Fausto-2018-05-06-at-13.07.13-150x150.jpeg 150w, https:\/\/gustavogoni.com\/arte\/wp-content\/uploads\/2022\/08\/Mural-en-Sir-Fausto-2018-05-06-at-13.07.13-768x768.jpeg 768w\" sizes=\"auto, (max-width: 768px) 100vw, 768px\" \/><\/a><\/figure>\n<\/div>\n\n\n<p class=\"has-text-align-center\">Mural en el nuevo espacio de \u00abSir Fausto\u00bb, situado en calle Sarmiento 1731, ciudad de Buenos Aires.<\/p>\n\n\n\n<p class=\"has-text-align-center\">En espacio Sir Fausto funciona un bar, un teatro, una barber\u00eda y un centro de experimentaci\u00f3n.<\/p>\n\n\n\n<p class=\"has-text-align-center\">A\u00f1o de realizaci\u00f3n: 2018.<\/p>\n\n\n\n<figure class=\"wp-block-gallery has-nested-images columns-default is-cropped wp-block-gallery-1 is-layout-flex wp-block-gallery-is-layout-flex\">\n<figure class=\"wp-block-image size-large\"><a href=\"https:\/\/gustavogoni.com\/arte\/wp-content\/uploads\/2022\/08\/Mural-en-Sir-Fausto-2018-03-15-WA0005.jpg\"><img loading=\"lazy\" decoding=\"async\" width=\"1000\" height=\"750\" data-attachment-id=\"598\" data-permalink=\"https:\/\/gustavogoni.com\/arte\/mural-en-sir-fausto-2018-03-15-wa0005\/\" data-orig-file=\"https:\/\/gustavogoni.com\/arte\/wp-content\/uploads\/2022\/08\/Mural-en-Sir-Fausto-2018-03-15-WA0005.jpg\" data-orig-size=\"1000,750\" data-comments-opened=\"1\" data-image-meta=\"{&quot;aperture&quot;:&quot;0&quot;,&quot;credit&quot;:&quot;&quot;,&quot;camera&quot;:&quot;&quot;,&quot;caption&quot;:&quot;&quot;,&quot;created_timestamp&quot;:&quot;0&quot;,&quot;copyright&quot;:&quot;&quot;,&quot;focal_length&quot;:&quot;0&quot;,&quot;iso&quot;:&quot;0&quot;,&quot;shutter_speed&quot;:&quot;0&quot;,&quot;title&quot;:&quot;&quot;,&quot;orientation&quot;:&quot;0&quot;}\" data-image-title=\"Mural en Sir Fausto 2018-03-15-WA0005\" data-image-description=\"\" data-image-caption=\"\" data-large-file=\"https:\/\/gustavogoni.com\/arte\/wp-content\/uploads\/2022\/08\/Mural-en-Sir-Fausto-2018-03-15-WA0005.jpg\" data-id=\"598\" src=\"https:\/\/gustavogoni.com\/arte\/wp-content\/uploads\/2022\/08\/Mural-en-Sir-Fausto-2018-03-15-WA0005.jpg\" alt=\"\" class=\"wp-image-598\" srcset=\"https:\/\/gustavogoni.com\/arte\/wp-content\/uploads\/2022\/08\/Mural-en-Sir-Fausto-2018-03-15-WA0005.jpg 1000w, https:\/\/gustavogoni.com\/arte\/wp-content\/uploads\/2022\/08\/Mural-en-Sir-Fausto-2018-03-15-WA0005-300x225.jpg 300w, https:\/\/gustavogoni.com\/arte\/wp-content\/uploads\/2022\/08\/Mural-en-Sir-Fausto-2018-03-15-WA0005-768x576.jpg 768w\" sizes=\"auto, (max-width: 1000px) 100vw, 1000px\" \/><\/a><\/figure>\n\n\n\n<figure class=\"wp-block-image size-large\"><a href=\"https:\/\/gustavogoni.com\/arte\/wp-content\/uploads\/2022\/08\/Mural-en-Sir-Fausto-2018-03-15-WA0004.jpg\"><img loading=\"lazy\" decoding=\"async\" width=\"1080\" height=\"1080\" data-attachment-id=\"597\" data-permalink=\"https:\/\/gustavogoni.com\/arte\/mural-en-sir-fausto-2018-03-15-wa0004\/\" data-orig-file=\"https:\/\/gustavogoni.com\/arte\/wp-content\/uploads\/2022\/08\/Mural-en-Sir-Fausto-2018-03-15-WA0004.jpg\" data-orig-size=\"1080,1080\" data-comments-opened=\"1\" data-image-meta=\"{&quot;aperture&quot;:&quot;0&quot;,&quot;credit&quot;:&quot;&quot;,&quot;camera&quot;:&quot;&quot;,&quot;caption&quot;:&quot;&quot;,&quot;created_timestamp&quot;:&quot;0&quot;,&quot;copyright&quot;:&quot;&quot;,&quot;focal_length&quot;:&quot;0&quot;,&quot;iso&quot;:&quot;0&quot;,&quot;shutter_speed&quot;:&quot;0&quot;,&quot;title&quot;:&quot;&quot;,&quot;orientation&quot;:&quot;1&quot;}\" data-image-title=\"Mural en Sir Fausto 2018-03-15-WA0004\" data-image-description=\"\" data-image-caption=\"\" data-large-file=\"https:\/\/gustavogoni.com\/arte\/wp-content\/uploads\/2022\/08\/Mural-en-Sir-Fausto-2018-03-15-WA0004-1024x1024.jpg\" data-id=\"597\" src=\"https:\/\/gustavogoni.com\/arte\/wp-content\/uploads\/2022\/08\/Mural-en-Sir-Fausto-2018-03-15-WA0004.jpg\" alt=\"\" class=\"wp-image-597\" srcset=\"https:\/\/gustavogoni.com\/arte\/wp-content\/uploads\/2022\/08\/Mural-en-Sir-Fausto-2018-03-15-WA0004.jpg 1080w, https:\/\/gustavogoni.com\/arte\/wp-content\/uploads\/2022\/08\/Mural-en-Sir-Fausto-2018-03-15-WA0004-300x300.jpg 300w, https:\/\/gustavogoni.com\/arte\/wp-content\/uploads\/2022\/08\/Mural-en-Sir-Fausto-2018-03-15-WA0004-1024x1024.jpg 1024w, https:\/\/gustavogoni.com\/arte\/wp-content\/uploads\/2022\/08\/Mural-en-Sir-Fausto-2018-03-15-WA0004-150x150.jpg 150w, https:\/\/gustavogoni.com\/arte\/wp-content\/uploads\/2022\/08\/Mural-en-Sir-Fausto-2018-03-15-WA0004-768x768.jpg 768w\" sizes=\"auto, (max-width: 1080px) 100vw, 1080px\" \/><\/a><\/figure>\n\n\n\n<figure class=\"wp-block-image size-large\"><a href=\"https:\/\/gustavogoni.com\/arte\/wp-content\/uploads\/2022\/08\/Mural-en-Sir-Fausto-2018-05-19-at-20.08.13.jpeg\"><img loading=\"lazy\" decoding=\"async\" width=\"1080\" height=\"810\" data-attachment-id=\"601\" data-permalink=\"https:\/\/gustavogoni.com\/arte\/mural-en-sir-fausto-2018-05-19-at-20-08-13\/\" data-orig-file=\"https:\/\/gustavogoni.com\/arte\/wp-content\/uploads\/2022\/08\/Mural-en-Sir-Fausto-2018-05-19-at-20.08.13.jpeg\" data-orig-size=\"1080,810\" data-comments-opened=\"1\" data-image-meta=\"{&quot;aperture&quot;:&quot;0&quot;,&quot;credit&quot;:&quot;&quot;,&quot;camera&quot;:&quot;&quot;,&quot;caption&quot;:&quot;&quot;,&quot;created_timestamp&quot;:&quot;0&quot;,&quot;copyright&quot;:&quot;&quot;,&quot;focal_length&quot;:&quot;0&quot;,&quot;iso&quot;:&quot;0&quot;,&quot;shutter_speed&quot;:&quot;0&quot;,&quot;title&quot;:&quot;&quot;,&quot;orientation&quot;:&quot;1&quot;}\" data-image-title=\"Mural en Sir Fausto 2018-05-19 at 20.08.13\" data-image-description=\"\" data-image-caption=\"\" data-large-file=\"https:\/\/gustavogoni.com\/arte\/wp-content\/uploads\/2022\/08\/Mural-en-Sir-Fausto-2018-05-19-at-20.08.13-1024x768.jpeg\" data-id=\"601\" src=\"https:\/\/gustavogoni.com\/arte\/wp-content\/uploads\/2022\/08\/Mural-en-Sir-Fausto-2018-05-19-at-20.08.13.jpeg\" alt=\"\" class=\"wp-image-601\" srcset=\"https:\/\/gustavogoni.com\/arte\/wp-content\/uploads\/2022\/08\/Mural-en-Sir-Fausto-2018-05-19-at-20.08.13.jpeg 1080w, https:\/\/gustavogoni.com\/arte\/wp-content\/uploads\/2022\/08\/Mural-en-Sir-Fausto-2018-05-19-at-20.08.13-300x225.jpeg 300w, https:\/\/gustavogoni.com\/arte\/wp-content\/uploads\/2022\/08\/Mural-en-Sir-Fausto-2018-05-19-at-20.08.13-1024x768.jpeg 1024w, https:\/\/gustavogoni.com\/arte\/wp-content\/uploads\/2022\/08\/Mural-en-Sir-Fausto-2018-05-19-at-20.08.13-768x576.jpeg 768w\" sizes=\"auto, (max-width: 1080px) 100vw, 1080px\" \/><\/a><\/figure>\n<\/figure>\n\n\n\n<hr class=\"wp-block-separator has-alpha-channel-opacity\"\/>\n\n\n\n<figure class=\"wp-block-video\"><video height=\"480\" style=\"aspect-ratio: 848 \/ 480;\" width=\"848\" controls src=\"https:\/\/gustavogoni.com\/arte\/wp-content\/uploads\/2022\/08\/Mural-en-Sir-Fausto-2018-05-06-at-13.00.49.mp4\"><\/video><\/figure>\n","protected":false},"excerpt":{"rendered":"<p>Mural Sir Fauto Mural en el nuevo espacio de \u00abSir Fausto\u00bb, situado en calle Sarmiento 1731, ciudad de Buenos Aires. En espacio Sir Fausto funciona un bar, un teatro, una barber\u00eda y un centro de experimentaci\u00f3n. A\u00f1o de realizaci\u00f3n: 2018.<\/p>\n","protected":false},"author":2,"featured_media":0,"parent":256,"menu_order":0,"comment_status":"closed","ping_status":"closed","template":"","meta":{"neve_meta_sidebar":"","neve_meta_container":"","neve_meta_enable_content_width":"","neve_meta_content_width":0,"neve_meta_title_alignment":"","neve_meta_author_avatar":"","neve_post_elements_order":"","neve_meta_disable_header":"","neve_meta_disable_footer":"","neve_meta_disable_title":"","advanced_seo_description":"","jetpack_seo_html_title":"","jetpack_seo_noindex":false,"_themeisle_gutenberg_block_has_review":false,"footnotes":""},"class_list":["post-653","page","type-page","status-publish","hentry"],"jetpack_sharing_enabled":true,"jetpack_likes_enabled":true,"_links":{"self":[{"href":"https:\/\/gustavogoni.com\/arte\/wp-json\/wp\/v2\/pages\/653","targetHints":{"allow":["GET"]}}],"collection":[{"href":"https:\/\/gustavogoni.com\/arte\/wp-json\/wp\/v2\/pages"}],"about":[{"href":"https:\/\/gustavogoni.com\/arte\/wp-json\/wp\/v2\/types\/page"}],"author":[{"embeddable":true,"href":"https:\/\/gustavogoni.com\/arte\/wp-json\/wp\/v2\/users\/2"}],"replies":[{"embeddable":true,"href":"https:\/\/gustavogoni.com\/arte\/wp-json\/wp\/v2\/comments?post=653"}],"version-history":[{"count":1,"href":"https:\/\/gustavogoni.com\/arte\/wp-json\/wp\/v2\/pages\/653\/revisions"}],"predecessor-version":[{"id":655,"href":"https:\/\/gustavogoni.com\/arte\/wp-json\/wp\/v2\/pages\/653\/revisions\/655"}],"up":[{"embeddable":true,"href":"https:\/\/gustavogoni.com\/arte\/wp-json\/wp\/v2\/pages\/256"}],"wp:attachment":[{"href":"https:\/\/gustavogoni.com\/arte\/wp-json\/wp\/v2\/media?parent=653"}],"curies":[{"name":"wp","href":"https:\/\/api.w.org\/{rel}","templated":true}]}}