{"id":316,"date":"2022-07-16T18:21:49","date_gmt":"2022-07-16T21:21:49","guid":{"rendered":"https:\/\/gustavogoni.com\/arte\/?page_id=316"},"modified":"2026-01-04T15:51:28","modified_gmt":"2026-01-04T18:51:28","slug":"formacion-y-talleres","status":"publish","type":"page","link":"https:\/\/gustavogoni.com\/arte\/bio\/formacion-y-talleres\/","title":{"rendered":"Formaci\u00f3n y talleres"},"content":{"rendered":"\n<div id=\"wp-block-themeisle-blocks-advanced-columns-a8877e22\" class=\"wp-block-themeisle-blocks-advanced-columns has-0-columns has-desktop-undefined-layout has-tablet-equal-layout has-mobile-equal-layout has-vertical-unset\"><div class=\"wp-block-themeisle-blocks-advanced-columns-overlay\"><\/div><div class=\"innerblocks-wrap\"><\/div><\/div>\n\n\n\n<h2 class=\"wp-block-heading\"><strong>Formaci\u00f3n y especializaci\u00f3n art\u00edstica<\/strong><\/h2>\n\n\n\n<p>Taller de Escultura con Julio Ray\u00f3n. Rosario. 1988.<\/p>\n\n\n\n<p>Curso de iluminaci\u00f3n y t\u00e9cnica fotogr\u00e1fica, Escuela Argentina de Fotograf\u00eda, Ricardo Sanguinetti, Buenos Aires, julio-diciembre 1994.<\/p>\n\n\n\n<p>Actualizaci\u00f3n en T\u00e9cnicas de Grabado, Lic. Liliana Gast\u00f3n, Rosario, 1998.<\/p>\n\n\n\n<p>T\u00e9cnicas alternativas en procesos fotogr\u00e1ficos, Lisa Robinson. 1999.<\/p>\n\n\n\n<p>Curso de arte contempor\u00e1neo: \u00abEl arte y las artes\u00bb, a cargo de Clarisa Appendino. Actividad de formaci\u00f3n para artistas en C\u00e1lamo Galer\u00eda de Arte, San Nicol\u00e1s, prov. de Buenos Aires. 2019.<\/p>\n\n\n\n<p>Taller de pintura con el maestro Rodolfo Perassi, Rosario, 2022 &#8211; 2025.<\/p>\n\n\n\n<p>Taller de cer\u00e1mica con <a href=\"https:\/\/www.instagram.com\/florchapero_\/\" target=\"_blank\" rel=\"noreferrer noopener\">Florencia Chapero<\/a>, Rosario, 2024-2025.<\/p>\n\n\n\n<p>\u00abEl Or\u00e1culo\u00bb, programa de formaci\u00f3n para artistas organizado por \u201c<a href=\"https:\/\/purpuraproyecto.com\/\" target=\"_blank\" rel=\"noreferrer noopener\">P\u00farpura Proyecto<\/a>\u201d. Cursado online desde marzo 2024 a febrero 2025.<\/p>\n\n\n\n<p>Taller de escultura con el maestro Julio Ray\u00f3n, 2025.<\/p>\n\n\n\n<figure class=\"wp-block-image size-full is-resized\"><a href=\"https:\/\/gustavogoni.com\/arte\/wp-content\/uploads\/2023\/07\/Clases-de-arte-con-Rodolfo-Perassi-2023-02b.jpg\"><img loading=\"lazy\" decoding=\"async\" width=\"765\" height=\"510\" data-attachment-id=\"928\" data-permalink=\"https:\/\/gustavogoni.com\/arte\/bio\/formacion-y-talleres\/clases-de-arte-con-rodolfo-perassi-2023-02b\/\" data-orig-file=\"https:\/\/gustavogoni.com\/arte\/wp-content\/uploads\/2023\/07\/Clases-de-arte-con-Rodolfo-Perassi-2023-02b.jpg\" data-orig-size=\"765,510\" data-comments-opened=\"1\" data-image-meta=\"{&quot;aperture&quot;:&quot;0&quot;,&quot;credit&quot;:&quot;&quot;,&quot;camera&quot;:&quot;&quot;,&quot;caption&quot;:&quot;&quot;,&quot;created_timestamp&quot;:&quot;1688072654&quot;,&quot;copyright&quot;:&quot;&quot;,&quot;focal_length&quot;:&quot;0&quot;,&quot;iso&quot;:&quot;0&quot;,&quot;shutter_speed&quot;:&quot;0&quot;,&quot;title&quot;:&quot;&quot;,&quot;orientation&quot;:&quot;1&quot;}\" data-image-title=\"Clases-de-arte-con-Rodolfo-Perassi-2023-02b\" data-image-description=\"\" data-image-caption=\"\" data-large-file=\"https:\/\/gustavogoni.com\/arte\/wp-content\/uploads\/2023\/07\/Clases-de-arte-con-Rodolfo-Perassi-2023-02b.jpg\" src=\"https:\/\/gustavogoni.com\/arte\/wp-content\/uploads\/2023\/07\/Clases-de-arte-con-Rodolfo-Perassi-2023-02b.jpg\" alt=\"\" class=\"wp-image-928\" style=\"width:765px;height:510px\" srcset=\"https:\/\/gustavogoni.com\/arte\/wp-content\/uploads\/2023\/07\/Clases-de-arte-con-Rodolfo-Perassi-2023-02b.jpg 765w, https:\/\/gustavogoni.com\/arte\/wp-content\/uploads\/2023\/07\/Clases-de-arte-con-Rodolfo-Perassi-2023-02b-300x200.jpg 300w\" sizes=\"auto, (max-width: 765px) 100vw, 765px\" \/><\/a><\/figure>\n\n\n\n<p>Con el maestro Perassi, 2023<\/p>\n\n\n\n<figure class=\"wp-block-image size-large is-resized\"><a href=\"https:\/\/gustavogoni.com\/arte\/wp-content\/uploads\/2026\/01\/Taller-ceramica-Florencia-Chapero-2025.jpeg\"><img loading=\"lazy\" decoding=\"async\" width=\"768\" height=\"1024\" data-attachment-id=\"1602\" data-permalink=\"https:\/\/gustavogoni.com\/arte\/bio\/formacion-y-talleres\/taller-ceramica-florencia-chapero-2025\/\" data-orig-file=\"https:\/\/gustavogoni.com\/arte\/wp-content\/uploads\/2026\/01\/Taller-ceramica-Florencia-Chapero-2025.jpeg\" data-orig-size=\"960,1280\" data-comments-opened=\"1\" data-image-meta=\"{&quot;aperture&quot;:&quot;0&quot;,&quot;credit&quot;:&quot;&quot;,&quot;camera&quot;:&quot;&quot;,&quot;caption&quot;:&quot;&quot;,&quot;created_timestamp&quot;:&quot;0&quot;,&quot;copyright&quot;:&quot;&quot;,&quot;focal_length&quot;:&quot;0&quot;,&quot;iso&quot;:&quot;0&quot;,&quot;shutter_speed&quot;:&quot;0&quot;,&quot;title&quot;:&quot;&quot;,&quot;orientation&quot;:&quot;0&quot;}\" data-image-title=\"Taller-ceramica-Florencia-Chapero-2025\" data-image-description=\"\" data-image-caption=\"\" data-large-file=\"https:\/\/gustavogoni.com\/arte\/wp-content\/uploads\/2026\/01\/Taller-ceramica-Florencia-Chapero-2025-768x1024.jpeg\" src=\"https:\/\/gustavogoni.com\/arte\/wp-content\/uploads\/2026\/01\/Taller-ceramica-Florencia-Chapero-2025-768x1024.jpeg\" alt=\"\" class=\"wp-image-1602\" style=\"aspect-ratio:0.7499961852445258;width:570px;height:auto\" srcset=\"https:\/\/gustavogoni.com\/arte\/wp-content\/uploads\/2026\/01\/Taller-ceramica-Florencia-Chapero-2025-768x1024.jpeg 768w, https:\/\/gustavogoni.com\/arte\/wp-content\/uploads\/2026\/01\/Taller-ceramica-Florencia-Chapero-2025-225x300.jpeg 225w, https:\/\/gustavogoni.com\/arte\/wp-content\/uploads\/2026\/01\/Taller-ceramica-Florencia-Chapero-2025.jpeg 960w\" sizes=\"auto, (max-width: 768px) 100vw, 768px\" \/><\/a><\/figure>\n\n\n\n<p>Taller de cer\u00e1mica con Florencia Chapero, 2025.<\/p>\n\n\n\n<hr class=\"wp-block-separator has-alpha-channel-opacity\"\/>\n\n\n\n<h2 class=\"wp-block-heading\"><strong>Formaci\u00f3n y especializaci\u00f3n docente<\/strong><\/h2>\n\n\n\n<p>\u201cIntegraci\u00f3n de recursos tecnol\u00f3gicos en la planificaci\u00f3n de la ense\u00f1anza\u201d. Curso online. Universidad Abierta Interamericana (UAI). 2019.<\/p>\n\n\n\n<p><\/p>\n\n\n\n<p><a href=\"https:\/\/gustavogoni.com\/arte\/bio\/\" data-type=\"page\" data-id=\"139\">Volver a Bio<\/a><\/p>\n","protected":false},"excerpt":{"rendered":"<p>Formaci\u00f3n y especializaci\u00f3n art\u00edstica Taller de Escultura con Julio Ray\u00f3n. Rosario. 1988. Curso de iluminaci\u00f3n y t\u00e9cnica fotogr\u00e1fica, Escuela Argentina de Fotograf\u00eda, Ricardo Sanguinetti, Buenos Aires, julio-diciembre 1994. Actualizaci\u00f3n en T\u00e9cnicas de Grabado, Lic. Liliana Gast\u00f3n, Rosario, 1998. T\u00e9cnicas alternativas en procesos fotogr\u00e1ficos, Lisa Robinson. 1999. Curso de arte contempor\u00e1neo: \u00abEl arte y las artes\u00bb,&hellip;&nbsp;<a href=\"https:\/\/gustavogoni.com\/arte\/bio\/formacion-y-talleres\/\" rel=\"bookmark\">Leer m\u00e1s &raquo;<span class=\"screen-reader-text\">Formaci\u00f3n y talleres<\/span><\/a><\/p>\n","protected":false},"author":2,"featured_media":0,"parent":139,"menu_order":0,"comment_status":"closed","ping_status":"closed","template":"","meta":{"neve_meta_sidebar":"","neve_meta_container":"","neve_meta_enable_content_width":"","neve_meta_content_width":0,"neve_meta_title_alignment":"","neve_meta_author_avatar":"","neve_post_elements_order":"","neve_meta_disable_header":"","neve_meta_disable_footer":"","neve_meta_disable_title":"","advanced_seo_description":"","jetpack_seo_html_title":"","jetpack_seo_noindex":false,"_themeisle_gutenberg_block_has_review":false,"footnotes":""},"class_list":["post-316","page","type-page","status-publish","hentry"],"jetpack_sharing_enabled":true,"jetpack_likes_enabled":true,"_links":{"self":[{"href":"https:\/\/gustavogoni.com\/arte\/wp-json\/wp\/v2\/pages\/316","targetHints":{"allow":["GET"]}}],"collection":[{"href":"https:\/\/gustavogoni.com\/arte\/wp-json\/wp\/v2\/pages"}],"about":[{"href":"https:\/\/gustavogoni.com\/arte\/wp-json\/wp\/v2\/types\/page"}],"author":[{"embeddable":true,"href":"https:\/\/gustavogoni.com\/arte\/wp-json\/wp\/v2\/users\/2"}],"replies":[{"embeddable":true,"href":"https:\/\/gustavogoni.com\/arte\/wp-json\/wp\/v2\/comments?post=316"}],"version-history":[{"count":7,"href":"https:\/\/gustavogoni.com\/arte\/wp-json\/wp\/v2\/pages\/316\/revisions"}],"predecessor-version":[{"id":1604,"href":"https:\/\/gustavogoni.com\/arte\/wp-json\/wp\/v2\/pages\/316\/revisions\/1604"}],"up":[{"embeddable":true,"href":"https:\/\/gustavogoni.com\/arte\/wp-json\/wp\/v2\/pages\/139"}],"wp:attachment":[{"href":"https:\/\/gustavogoni.com\/arte\/wp-json\/wp\/v2\/media?parent=316"}],"curies":[{"name":"wp","href":"https:\/\/api.w.org\/{rel}","templated":true}]}}