{"id":272,"date":"2022-07-16T16:39:24","date_gmt":"2022-07-16T19:39:24","guid":{"rendered":"https:\/\/gustavogoni.com\/arte\/?page_id=272"},"modified":"2022-08-25T19:48:28","modified_gmt":"2022-08-25T22:48:28","slug":"bocetos","status":"publish","type":"page","link":"https:\/\/gustavogoni.com\/arte\/obra\/bocetos\/","title":{"rendered":"Bocetos"},"content":{"rendered":"\n<div id=\"wp-block-themeisle-blocks-advanced-columns-12472816\" class=\"wp-block-themeisle-blocks-advanced-columns has-0-columns has-desktop-undefined-layout has-tablet-equal-layout has-mobile-equal-layout has-vertical-unset\"><div class=\"wp-block-themeisle-blocks-advanced-columns-overlay\"><\/div><div class=\"innerblocks-wrap\"><\/div><\/div>\n\n\n\n<figure class=\"wp-block-image size-large\"><a href=\"https:\/\/gustavogoni.com\/arte\/wp-content\/uploads\/2022\/08\/Boceto-Cabeza-de-femur-scaled.jpg\"><img loading=\"lazy\" decoding=\"async\" width=\"1024\" height=\"576\" data-attachment-id=\"728\" data-permalink=\"https:\/\/gustavogoni.com\/arte\/obra\/bocetos\/boceto-cabeza-de-femur\/\" data-orig-file=\"https:\/\/gustavogoni.com\/arte\/wp-content\/uploads\/2022\/08\/Boceto-Cabeza-de-femur-scaled.jpg\" data-orig-size=\"2560,1440\" data-comments-opened=\"1\" data-image-meta=\"{&quot;aperture&quot;:&quot;0&quot;,&quot;credit&quot;:&quot;&quot;,&quot;camera&quot;:&quot;&quot;,&quot;caption&quot;:&quot;&quot;,&quot;created_timestamp&quot;:&quot;0&quot;,&quot;copyright&quot;:&quot;&quot;,&quot;focal_length&quot;:&quot;0&quot;,&quot;iso&quot;:&quot;0&quot;,&quot;shutter_speed&quot;:&quot;0&quot;,&quot;title&quot;:&quot;&quot;,&quot;orientation&quot;:&quot;0&quot;}\" data-image-title=\"Boceto-Cabeza-de-femur\" data-image-description=\"\" data-image-caption=\"\" data-large-file=\"https:\/\/gustavogoni.com\/arte\/wp-content\/uploads\/2022\/08\/Boceto-Cabeza-de-femur-1024x576.jpg\" src=\"https:\/\/gustavogoni.com\/arte\/wp-content\/uploads\/2022\/08\/Boceto-Cabeza-de-femur-1024x576.jpg\" alt=\"\" class=\"wp-image-728\" srcset=\"https:\/\/gustavogoni.com\/arte\/wp-content\/uploads\/2022\/08\/Boceto-Cabeza-de-femur-1024x576.jpg 1024w, https:\/\/gustavogoni.com\/arte\/wp-content\/uploads\/2022\/08\/Boceto-Cabeza-de-femur-300x169.jpg 300w, https:\/\/gustavogoni.com\/arte\/wp-content\/uploads\/2022\/08\/Boceto-Cabeza-de-femur-768x432.jpg 768w, https:\/\/gustavogoni.com\/arte\/wp-content\/uploads\/2022\/08\/Boceto-Cabeza-de-femur-1536x864.jpg 1536w, https:\/\/gustavogoni.com\/arte\/wp-content\/uploads\/2022\/08\/Boceto-Cabeza-de-femur-2048x1152.jpg 2048w\" sizes=\"auto, (max-width: 1024px) 100vw, 1024px\" \/><\/a><figcaption><strong>Cabeza de f\u00e9mur:<\/strong> bocetos (grafito sobre papel) y luego la obra realizada (superposici\u00f3n de fotograf\u00eda anal\u00f3gica en placa radiogr\u00e1fica)<\/figcaption><\/figure>\n\n\n\n<hr class=\"wp-block-separator has-alpha-channel-opacity\"\/>\n\n\n\n<figure class=\"wp-block-image size-large\"><a href=\"https:\/\/gustavogoni.com\/arte\/wp-content\/uploads\/2022\/08\/Boceto-Nudos-y-Nidos.jpg\"><img loading=\"lazy\" decoding=\"async\" width=\"1024\" height=\"576\" data-attachment-id=\"729\" data-permalink=\"https:\/\/gustavogoni.com\/arte\/obra\/bocetos\/boceto-nudos-y-nidos\/\" data-orig-file=\"https:\/\/gustavogoni.com\/arte\/wp-content\/uploads\/2022\/08\/Boceto-Nudos-y-Nidos.jpg\" data-orig-size=\"1600,900\" data-comments-opened=\"1\" data-image-meta=\"{&quot;aperture&quot;:&quot;0&quot;,&quot;credit&quot;:&quot;&quot;,&quot;camera&quot;:&quot;&quot;,&quot;caption&quot;:&quot;&quot;,&quot;created_timestamp&quot;:&quot;0&quot;,&quot;copyright&quot;:&quot;&quot;,&quot;focal_length&quot;:&quot;0&quot;,&quot;iso&quot;:&quot;0&quot;,&quot;shutter_speed&quot;:&quot;0&quot;,&quot;title&quot;:&quot;&quot;,&quot;orientation&quot;:&quot;0&quot;}\" data-image-title=\"Boceto-Nudos-y-Nidos\" data-image-description=\"\" data-image-caption=\"\" data-large-file=\"https:\/\/gustavogoni.com\/arte\/wp-content\/uploads\/2022\/08\/Boceto-Nudos-y-Nidos-1024x576.jpg\" src=\"https:\/\/gustavogoni.com\/arte\/wp-content\/uploads\/2022\/08\/Boceto-Nudos-y-Nidos-1024x576.jpg\" alt=\"\" class=\"wp-image-729\" srcset=\"https:\/\/gustavogoni.com\/arte\/wp-content\/uploads\/2022\/08\/Boceto-Nudos-y-Nidos-1024x576.jpg 1024w, https:\/\/gustavogoni.com\/arte\/wp-content\/uploads\/2022\/08\/Boceto-Nudos-y-Nidos-300x169.jpg 300w, https:\/\/gustavogoni.com\/arte\/wp-content\/uploads\/2022\/08\/Boceto-Nudos-y-Nidos-768x432.jpg 768w, https:\/\/gustavogoni.com\/arte\/wp-content\/uploads\/2022\/08\/Boceto-Nudos-y-Nidos-1536x864.jpg 1536w, https:\/\/gustavogoni.com\/arte\/wp-content\/uploads\/2022\/08\/Boceto-Nudos-y-Nidos.jpg 1600w\" sizes=\"auto, (max-width: 1024px) 100vw, 1024px\" \/><\/a><figcaption>Boceto de la Serie \u00abNudos y nidos\u00bb, a\u00f1o 1997.<\/figcaption><\/figure>\n\n\n\n<hr class=\"wp-block-separator has-alpha-channel-opacity\"\/>\n\n\n\n<p><\/p>\n\n\n\n<p><a href=\"https:\/\/gustavogoni.com\/arte\/\" data-type=\"page\" data-id=\"86\">Volver a Home<\/a><\/p>\n\n\n\n<p><a href=\"https:\/\/gustavogoni.com\/arte\/obra\/\" data-type=\"page\" data-id=\"107\">Volver a Obras<\/a><\/p>\n","protected":false},"excerpt":{"rendered":"<p>Volver a Home Volver a Obras<\/p>\n","protected":false},"author":2,"featured_media":0,"parent":107,"menu_order":10,"comment_status":"closed","ping_status":"closed","template":"","meta":{"neve_meta_sidebar":"","neve_meta_container":"","neve_meta_enable_content_width":"","neve_meta_content_width":0,"neve_meta_title_alignment":"","neve_meta_author_avatar":"","neve_post_elements_order":"","neve_meta_disable_header":"","neve_meta_disable_footer":"","neve_meta_disable_title":"","advanced_seo_description":"","jetpack_seo_html_title":"","jetpack_seo_noindex":false,"_themeisle_gutenberg_block_has_review":false,"footnotes":""},"class_list":["post-272","page","type-page","status-publish","hentry"],"jetpack_sharing_enabled":true,"jetpack_likes_enabled":true,"_links":{"self":[{"href":"https:\/\/gustavogoni.com\/arte\/wp-json\/wp\/v2\/pages\/272","targetHints":{"allow":["GET"]}}],"collection":[{"href":"https:\/\/gustavogoni.com\/arte\/wp-json\/wp\/v2\/pages"}],"about":[{"href":"https:\/\/gustavogoni.com\/arte\/wp-json\/wp\/v2\/types\/page"}],"author":[{"embeddable":true,"href":"https:\/\/gustavogoni.com\/arte\/wp-json\/wp\/v2\/users\/2"}],"replies":[{"embeddable":true,"href":"https:\/\/gustavogoni.com\/arte\/wp-json\/wp\/v2\/comments?post=272"}],"version-history":[{"count":3,"href":"https:\/\/gustavogoni.com\/arte\/wp-json\/wp\/v2\/pages\/272\/revisions"}],"predecessor-version":[{"id":731,"href":"https:\/\/gustavogoni.com\/arte\/wp-json\/wp\/v2\/pages\/272\/revisions\/731"}],"up":[{"embeddable":true,"href":"https:\/\/gustavogoni.com\/arte\/wp-json\/wp\/v2\/pages\/107"}],"wp:attachment":[{"href":"https:\/\/gustavogoni.com\/arte\/wp-json\/wp\/v2\/media?parent=272"}],"curies":[{"name":"wp","href":"https:\/\/api.w.org\/{rel}","templated":true}]}}