{"id":1397,"date":"2025-09-22T23:38:35","date_gmt":"2025-09-23T02:38:35","guid":{"rendered":"https:\/\/gustavogoni.com\/arte\/?page_id=1397"},"modified":"2025-09-29T18:20:04","modified_gmt":"2025-09-29T21:20:04","slug":"caja-7","status":"publish","type":"page","link":"https:\/\/gustavogoni.com\/arte\/obra\/ensamblado\/cajas-luminicas\/caja-7\/","title":{"rendered":"CAJA #7 &#8211; DESPU\u00c9S DE LA CASA"},"content":{"rendered":"\n<p>Mi hermana Chuchi (Mar\u00eda del Carmen), que es una compa\u00f1era y una asistente de muchos de mis procesos creativos, me sugiri\u00f3 que me lleve una tacita de t\u00e9, que se diferenciaba del resto por estar rota y pegada. Reconstruida.&nbsp;<\/p>\n\n\n\n<p>Lo interesante de esta caja es poder observar el adentro y el afuera, ambos fisurados pero unidos.&nbsp;<\/p>\n\n\n\n<figure class=\"wp-block-image size-large\"><a href=\"https:\/\/gustavogoni.com\/arte\/wp-content\/uploads\/2025\/09\/04-2024-Despues-de-la-casa-1-frente-foto-nueva-baja.jpg\"><img loading=\"lazy\" decoding=\"async\" width=\"1024\" height=\"682\" data-attachment-id=\"1354\" data-permalink=\"https:\/\/gustavogoni.com\/arte\/obra\/ensamblado\/cajas-luminicas\/04-2024-despues-de-la-casa-1-frente-foto-nueva-baja\/\" data-orig-file=\"https:\/\/gustavogoni.com\/arte\/wp-content\/uploads\/2025\/09\/04-2024-Despues-de-la-casa-1-frente-foto-nueva-baja.jpg\" data-orig-size=\"1240,826\" data-comments-opened=\"1\" data-image-meta=\"{&quot;aperture&quot;:&quot;10&quot;,&quot;credit&quot;:&quot;&quot;,&quot;camera&quot;:&quot;Canon EOS 5D Mark IV&quot;,&quot;caption&quot;:&quot;&quot;,&quot;created_timestamp&quot;:&quot;1747181448&quot;,&quot;copyright&quot;:&quot;&quot;,&quot;focal_length&quot;:&quot;42&quot;,&quot;iso&quot;:&quot;160&quot;,&quot;shutter_speed&quot;:&quot;0.05&quot;,&quot;title&quot;:&quot;&quot;,&quot;orientation&quot;:&quot;1&quot;}\" data-image-title=\"04-2024-Despu\u00e9s de la casa &amp;#8211; 1 frente &amp;#8211; foto nueva baja\" data-image-description=\"\" data-image-caption=\"\" data-large-file=\"https:\/\/gustavogoni.com\/arte\/wp-content\/uploads\/2025\/09\/04-2024-Despues-de-la-casa-1-frente-foto-nueva-baja-1024x682.jpg\" src=\"https:\/\/gustavogoni.com\/arte\/wp-content\/uploads\/2025\/09\/04-2024-Despues-de-la-casa-1-frente-foto-nueva-baja-1024x682.jpg\" alt=\"\" class=\"wp-image-1354\" srcset=\"https:\/\/gustavogoni.com\/arte\/wp-content\/uploads\/2025\/09\/04-2024-Despues-de-la-casa-1-frente-foto-nueva-baja-1024x682.jpg 1024w, https:\/\/gustavogoni.com\/arte\/wp-content\/uploads\/2025\/09\/04-2024-Despues-de-la-casa-1-frente-foto-nueva-baja-300x200.jpg 300w, https:\/\/gustavogoni.com\/arte\/wp-content\/uploads\/2025\/09\/04-2024-Despues-de-la-casa-1-frente-foto-nueva-baja-768x512.jpg 768w, https:\/\/gustavogoni.com\/arte\/wp-content\/uploads\/2025\/09\/04-2024-Despues-de-la-casa-1-frente-foto-nueva-baja-930x620.jpg 930w, https:\/\/gustavogoni.com\/arte\/wp-content\/uploads\/2025\/09\/04-2024-Despues-de-la-casa-1-frente-foto-nueva-baja.jpg 1240w\" sizes=\"auto, (max-width: 1024px) 100vw, 1024px\" \/><\/a><\/figure>\n\n\n\n<p><\/p>\n\n\n\n<figure class=\"wp-block-embed is-type-video is-provider-youtube wp-block-embed-youtube wp-embed-aspect-16-9 wp-has-aspect-ratio\"><div class=\"wp-block-embed__wrapper\">\n<div class=\"nv-iframe-embed\"><iframe loading=\"lazy\" title=\"Dioramas \/ Caja # 7: Despu\u00e9s de la casa (la taza)\" width=\"1200\" height=\"675\" src=\"https:\/\/www.youtube.com\/embed\/Nik2pmWMpAY?feature=oembed\" frameborder=\"0\" allow=\"accelerometer; autoplay; clipboard-write; encrypted-media; gyroscope; picture-in-picture; web-share\" referrerpolicy=\"strict-origin-when-cross-origin\" allowfullscreen><\/iframe><\/div>\n<\/div><\/figure>\n\n\n\n<p><strong>SERIE DIORAMA &#8211; CAJA #7 &#8211; DESPU\u00c9S DE LA CASA<\/strong><\/p>\n\n\n\n<p>T\u00e9cnica: ensamblado de objetos, dibujos, iluminaci\u00f3n, caja y lente de aumento.<\/p>\n\n\n\n<p>[Objetos: taza de cer\u00e1mica.]<\/p>\n\n\n\n<p id=\"block-d83464f0-3dab-428b-ac2b-89001a32c06c\">Fecha de realizaci\u00f3n: 2024<\/p>\n\n\n\n<p id=\"block-5588bbb6-91de-40fc-8683-0e9571bb48c7\">Medidas aprox.: 30 x 20 cm + 20 x 20 cm<\/p>\n\n\n\n<hr class=\"wp-block-separator has-alpha-channel-opacity\"\/>\n\n\n\n<p><strong><a href=\"https:\/\/gustavogoni.com\/arte\/obra\/ensamblado\/cajas-luminicas\/\" data-type=\"page\" data-id=\"638\">VOLVER A CAJAS LUM\u00cdNICAS (DIORAMAS)<\/a><\/strong><\/p>\n\n\n\n<p><strong><a href=\"https:\/\/gustavogoni.com\/arte\/muestras\/muestra-dioramas-relatos\/\" data-type=\"page\" data-id=\"1345\">IR A MUESTRA \u00abDIORAMAS \/ RELATOS, 2025\u00bb<\/a><\/strong><\/p>\n\n\n\n<p><\/p>\n","protected":false},"excerpt":{"rendered":"<p>Mi hermana Chuchi (Mar\u00eda del Carmen), que es una compa\u00f1era y una asistente de muchos de mis procesos creativos, me sugiri\u00f3 que me lleve una tacita de t\u00e9, que se diferenciaba del resto por estar rota y pegada. Reconstruida.&nbsp; Lo interesante de esta caja es poder observar el adentro y el afuera, ambos fisurados pero&hellip;&nbsp;<a href=\"https:\/\/gustavogoni.com\/arte\/obra\/ensamblado\/cajas-luminicas\/caja-7\/\" rel=\"bookmark\">Leer m\u00e1s &raquo;<span class=\"screen-reader-text\">CAJA #7 &#8211; DESPU\u00c9S DE LA CASA<\/span><\/a><\/p>\n","protected":false},"author":2,"featured_media":0,"parent":638,"menu_order":0,"comment_status":"closed","ping_status":"closed","template":"","meta":{"neve_meta_sidebar":"","neve_meta_container":"","neve_meta_enable_content_width":"","neve_meta_content_width":0,"neve_meta_title_alignment":"","neve_meta_author_avatar":"","neve_post_elements_order":"","neve_meta_disable_header":"","neve_meta_disable_footer":"","neve_meta_disable_title":"","advanced_seo_description":"","jetpack_seo_html_title":"","jetpack_seo_noindex":false,"_themeisle_gutenberg_block_has_review":false,"footnotes":""},"class_list":["post-1397","page","type-page","status-publish","hentry"],"jetpack_sharing_enabled":true,"jetpack_likes_enabled":true,"_links":{"self":[{"href":"https:\/\/gustavogoni.com\/arte\/wp-json\/wp\/v2\/pages\/1397","targetHints":{"allow":["GET"]}}],"collection":[{"href":"https:\/\/gustavogoni.com\/arte\/wp-json\/wp\/v2\/pages"}],"about":[{"href":"https:\/\/gustavogoni.com\/arte\/wp-json\/wp\/v2\/types\/page"}],"author":[{"embeddable":true,"href":"https:\/\/gustavogoni.com\/arte\/wp-json\/wp\/v2\/users\/2"}],"replies":[{"embeddable":true,"href":"https:\/\/gustavogoni.com\/arte\/wp-json\/wp\/v2\/comments?post=1397"}],"version-history":[{"count":4,"href":"https:\/\/gustavogoni.com\/arte\/wp-json\/wp\/v2\/pages\/1397\/revisions"}],"predecessor-version":[{"id":1482,"href":"https:\/\/gustavogoni.com\/arte\/wp-json\/wp\/v2\/pages\/1397\/revisions\/1482"}],"up":[{"embeddable":true,"href":"https:\/\/gustavogoni.com\/arte\/wp-json\/wp\/v2\/pages\/638"}],"wp:attachment":[{"href":"https:\/\/gustavogoni.com\/arte\/wp-json\/wp\/v2\/media?parent=1397"}],"curies":[{"name":"wp","href":"https:\/\/api.w.org\/{rel}","templated":true}]}}