{"id":139,"date":"2020-03-26T00:46:04","date_gmt":"2020-03-26T00:46:04","guid":{"rendered":"https:\/\/demosites.io\/rokophoto-gb\/?page_id=139"},"modified":"2024-02-05T15:17:39","modified_gmt":"2024-02-05T18:17:39","slug":"bio","status":"publish","type":"page","link":"https:\/\/gustavogoni.com\/arte\/bio\/","title":{"rendered":"Bio"},"content":{"rendered":"\n<div id=\"wp-block-themeisle-blocks-advanced-columns-9ed733b5\" class=\"wp-block-themeisle-blocks-advanced-columns alignfull has-2-columns has-desktop-equal-layout has-tablet-equal-layout has-mobile-collapsedRows-layout has-vertical-unset has-dark-bg\"><div class=\"wp-block-themeisle-blocks-advanced-columns-overlay\"><\/div><div class=\"innerblocks-wrap\">\n<div id=\"wp-block-themeisle-blocks-advanced-column-e2e4f7ae\" class=\"wp-block-themeisle-blocks-advanced-column\">\n<p id=\"wp-block-themeisle-blocks-advanced-heading-8818cba9\" class=\"wp-block-themeisle-blocks-advanced-heading wp-block-themeisle-blocks-advanced-heading-8818cba9\">Gustavo Go\u00f1i<\/p>\n\n\n\n<p class=\"has-white-color has-text-color\">Nac\u00ed en Totoras, provincia de Santa Fe. Vivo desde los 18 a\u00f1os en Rosario, en donde tengo mi estudio y desde donde proyecto mi obra y mi labor como fot\u00f3grafo.<\/p>\n\n\n\n<div style=\"height:20px\" aria-hidden=\"true\" class=\"wp-block-spacer\"><\/div>\n\n\n\n<figure class=\"wp-block-image size-full\"><a href=\"https:\/\/gustavogoni.com\/arte\/wp-content\/uploads\/2022\/07\/Gustavo-Goni-autorretrato.jpg\"><img loading=\"lazy\" decoding=\"async\" width=\"600\" height=\"599\" data-attachment-id=\"232\" data-permalink=\"https:\/\/gustavogoni.com\/arte\/bio\/gustavo-goni-autorretrato\/\" data-orig-file=\"https:\/\/gustavogoni.com\/arte\/wp-content\/uploads\/2022\/07\/Gustavo-Goni-autorretrato.jpg\" data-orig-size=\"600,599\" data-comments-opened=\"1\" data-image-meta=\"{&quot;aperture&quot;:&quot;3.5&quot;,&quot;credit&quot;:&quot;&quot;,&quot;camera&quot;:&quot;Canon EOS 5D Mark III&quot;,&quot;caption&quot;:&quot;&quot;,&quot;created_timestamp&quot;:&quot;1552162834&quot;,&quot;copyright&quot;:&quot;&quot;,&quot;focal_length&quot;:&quot;24&quot;,&quot;iso&quot;:&quot;2500&quot;,&quot;shutter_speed&quot;:&quot;0.00625&quot;,&quot;title&quot;:&quot;&quot;,&quot;orientation&quot;:&quot;1&quot;}\" data-image-title=\"Gustavo-Goni-autorretrato\" data-image-description=\"\" data-image-caption=\"\" data-large-file=\"https:\/\/gustavogoni.com\/arte\/wp-content\/uploads\/2022\/07\/Gustavo-Goni-autorretrato.jpg\" src=\"https:\/\/gustavogoni.com\/arte\/wp-content\/uploads\/2022\/07\/Gustavo-Goni-autorretrato.jpg\" alt=\"\" class=\"wp-image-232\" srcset=\"https:\/\/gustavogoni.com\/arte\/wp-content\/uploads\/2022\/07\/Gustavo-Goni-autorretrato.jpg 600w, https:\/\/gustavogoni.com\/arte\/wp-content\/uploads\/2022\/07\/Gustavo-Goni-autorretrato-300x300.jpg 300w, https:\/\/gustavogoni.com\/arte\/wp-content\/uploads\/2022\/07\/Gustavo-Goni-autorretrato-150x150.jpg 150w\" sizes=\"auto, (max-width: 600px) 100vw, 600px\" \/><\/a><\/figure>\n<\/div>\n\n\n\n<div id=\"wp-block-themeisle-blocks-advanced-column-9c1ad7b8\" class=\"wp-block-themeisle-blocks-advanced-column\">\n<p class=\"has-nv-text-dark-bg-color has-text-color\">Pasan los a\u00f1os en el estudio, los talleres, las muestras\u2026, y a\u00fan soy aquel ni\u00f1o que crea y combina lenguajes, el que busca la belleza escondida en las formas.<br>Las diversas formas de la naturaleza, las del cuerpo humano, las de la vida.<br>Soy dibujante, tambi\u00e9n fot\u00f3grafo. Las disciplinas (y las t\u00e9cnicas) se combinan y complementan.<br>Soy un creativo que juega con la forma (\u00bflas formas?) y busca la est\u00e9tica -a veces en lo obvio, otras en lo bizarro- pero busca que esas formas movilicen. Juego con la est\u00e9tica, los lenguajes visuales y el di\u00e1logo entre ellos.<br>Avanzo y creo para descubrir un mensaje.<br>La c\u00e1mara, el pincel, la materia (la piedra, la luz, el espacio) son herramientas. Mi ser, el medio para expresar.<br>Busco disfrutar el proceso, la b\u00fasqueda (que a veces me devuelve un resultado).<br>Una mirada tao\u00edsta de vivir el camino de la creaci\u00f3n. El despertar, el mantenerme vivo, feliz y agradecido.<\/p>\n\n\n\n<p><\/p>\n\n\n\n<div style=\"height:20px\" aria-hidden=\"true\" class=\"wp-block-spacer\"><\/div>\n\n\n\n<p class=\"has-nv-text-dark-bg-color has-text-color has-medium-font-size\"><a href=\"https:\/\/gustavogoni.com\/arte\/bio\/formacion-y-talleres\/\" data-type=\"page\" data-id=\"316\">Formaci\u00f3n y talleres<\/a><\/p>\n\n\n\n<div class=\"wp-block-group\"><div class=\"wp-block-group__inner-container is-layout-flow wp-block-group-is-layout-flow\">\n<p class=\"has-white-color has-text-color has-medium-font-size\"><a href=\"https:\/\/gustavogoni.com\/arte\/bio\/docencia\/\" data-type=\"page\" data-id=\"670\">Docencia<\/a><\/p>\n\n\n\n<p class=\"has-medium-font-size\"><a href=\"https:\/\/gustavogoni.com\/arte\/bio\/exposiciones\/\" data-type=\"page\" data-id=\"672\">Charlas, talleres y conferencias<\/a><\/p>\n<\/div><\/div>\n\n\n\n<p class=\"has-medium-font-size\"><a href=\"https:\/\/gustavogoni.com\/arte\/bio\/participaciones\/\" data-type=\"page\" data-id=\"674\">Participaci\u00f3n en equipos de trabajo<\/a><\/p>\n\n\n\n<p class=\"has-medium-font-size\"><a href=\"https:\/\/gustavogoni.com\/arte\/bio\/curaduria\/\">Curadur\u00eda <\/a><\/p>\n\n\n\n<p class=\"has-nv-site-bg-color has-text-color has-large-font-size\"><\/p>\n<\/div>\n<\/div><\/div>\n\n\n\n<div id=\"wp-block-themeisle-blocks-advanced-columns-a787cd8f\" class=\"wp-block-themeisle-blocks-advanced-columns alignfull has-3-columns has-desktop-equal-layout has-tablet-equal-layout has-mobile-collapsedRows-layout has-vertical-unset has-dark-bg\"><div class=\"wp-block-themeisle-blocks-advanced-columns-overlay\"><\/div><div class=\"innerblocks-wrap\">\n<div id=\"wp-block-themeisle-blocks-advanced-column-6fa4fc53\" class=\"wp-block-themeisle-blocks-advanced-column\">\n<figure class=\"wp-block-image size-large\"><img loading=\"lazy\" decoding=\"async\" width=\"1024\" height=\"1024\" data-attachment-id=\"234\" data-permalink=\"https:\/\/gustavogoni.com\/arte\/bio\/gustavo-goni-pintando-dsc02017-byn\/\" data-orig-file=\"https:\/\/gustavogoni.com\/arte\/wp-content\/uploads\/2022\/07\/Gustavo-Goni-pintando-DSC02017-ByN.jpg\" data-orig-size=\"1080,1080\" data-comments-opened=\"1\" data-image-meta=\"{&quot;aperture&quot;:&quot;4&quot;,&quot;credit&quot;:&quot;&quot;,&quot;camera&quot;:&quot;ILCE-7SM2&quot;,&quot;caption&quot;:&quot;&quot;,&quot;created_timestamp&quot;:&quot;1515134008&quot;,&quot;copyright&quot;:&quot;&quot;,&quot;focal_length&quot;:&quot;24&quot;,&quot;iso&quot;:&quot;1250&quot;,&quot;shutter_speed&quot;:&quot;0.0125&quot;,&quot;title&quot;:&quot;&quot;,&quot;orientation&quot;:&quot;1&quot;}\" data-image-title=\"Gustavo-Goni-pintando-DSC02017-ByN\" data-image-description=\"\" data-image-caption=\"\" data-large-file=\"https:\/\/gustavogoni.com\/arte\/wp-content\/uploads\/2022\/07\/Gustavo-Goni-pintando-DSC02017-ByN-1024x1024.jpg\" src=\"https:\/\/gustavogoni.com\/arte\/wp-content\/uploads\/2022\/07\/Gustavo-Goni-pintando-DSC02017-ByN-1024x1024.jpg\" alt=\"\" class=\"wp-image-234\" srcset=\"https:\/\/gustavogoni.com\/arte\/wp-content\/uploads\/2022\/07\/Gustavo-Goni-pintando-DSC02017-ByN-1024x1024.jpg 1024w, https:\/\/gustavogoni.com\/arte\/wp-content\/uploads\/2022\/07\/Gustavo-Goni-pintando-DSC02017-ByN-300x300.jpg 300w, https:\/\/gustavogoni.com\/arte\/wp-content\/uploads\/2022\/07\/Gustavo-Goni-pintando-DSC02017-ByN-150x150.jpg 150w, https:\/\/gustavogoni.com\/arte\/wp-content\/uploads\/2022\/07\/Gustavo-Goni-pintando-DSC02017-ByN-768x768.jpg 768w, https:\/\/gustavogoni.com\/arte\/wp-content\/uploads\/2022\/07\/Gustavo-Goni-pintando-DSC02017-ByN.jpg 1080w\" sizes=\"auto, (max-width: 1024px) 100vw, 1024px\" \/><\/figure>\n<\/div>\n\n\n\n<div id=\"wp-block-themeisle-blocks-advanced-column-fefeb6c5\" class=\"wp-block-themeisle-blocks-advanced-column\">\n<figure class=\"wp-block-image size-large\"><img loading=\"lazy\" decoding=\"async\" width=\"1024\" height=\"1024\" data-attachment-id=\"233\" data-permalink=\"https:\/\/gustavogoni.com\/arte\/bio\/gustavo-goni-fotografia-_mg_2734-byn\/\" data-orig-file=\"https:\/\/gustavogoni.com\/arte\/wp-content\/uploads\/2022\/07\/Gustavo-Goni-fotografia-_MG_2734-ByN.jpg\" data-orig-size=\"1080,1080\" data-comments-opened=\"1\" data-image-meta=\"{&quot;aperture&quot;:&quot;2.8&quot;,&quot;credit&quot;:&quot;&quot;,&quot;camera&quot;:&quot;Canon EOS 6D&quot;,&quot;caption&quot;:&quot;&quot;,&quot;created_timestamp&quot;:&quot;1520595122&quot;,&quot;copyright&quot;:&quot;&quot;,&quot;focal_length&quot;:&quot;50&quot;,&quot;iso&quot;:&quot;1600&quot;,&quot;shutter_speed&quot;:&quot;0.008&quot;,&quot;title&quot;:&quot;&quot;,&quot;orientation&quot;:&quot;1&quot;}\" data-image-title=\"Gustavo-Goni-fotografia-_MG_2734-ByN\" data-image-description=\"\" data-image-caption=\"\" data-large-file=\"https:\/\/gustavogoni.com\/arte\/wp-content\/uploads\/2022\/07\/Gustavo-Goni-fotografia-_MG_2734-ByN-1024x1024.jpg\" src=\"https:\/\/gustavogoni.com\/arte\/wp-content\/uploads\/2022\/07\/Gustavo-Goni-fotografia-_MG_2734-ByN-1024x1024.jpg\" alt=\"\" class=\"wp-image-233\" srcset=\"https:\/\/gustavogoni.com\/arte\/wp-content\/uploads\/2022\/07\/Gustavo-Goni-fotografia-_MG_2734-ByN-1024x1024.jpg 1024w, https:\/\/gustavogoni.com\/arte\/wp-content\/uploads\/2022\/07\/Gustavo-Goni-fotografia-_MG_2734-ByN-300x300.jpg 300w, https:\/\/gustavogoni.com\/arte\/wp-content\/uploads\/2022\/07\/Gustavo-Goni-fotografia-_MG_2734-ByN-150x150.jpg 150w, https:\/\/gustavogoni.com\/arte\/wp-content\/uploads\/2022\/07\/Gustavo-Goni-fotografia-_MG_2734-ByN-768x768.jpg 768w, https:\/\/gustavogoni.com\/arte\/wp-content\/uploads\/2022\/07\/Gustavo-Goni-fotografia-_MG_2734-ByN.jpg 1080w\" sizes=\"auto, (max-width: 1024px) 100vw, 1024px\" \/><\/figure>\n<\/div>\n\n\n\n<div id=\"wp-block-themeisle-blocks-advanced-column-a8462271\" class=\"wp-block-themeisle-blocks-advanced-column\">\n<figure class=\"wp-block-image size-large\"><img loading=\"lazy\" decoding=\"async\" width=\"1024\" height=\"1024\" data-attachment-id=\"235\" data-permalink=\"https:\/\/gustavogoni.com\/arte\/bio\/gustavo-goni-libro-negatoscopio\/\" data-orig-file=\"https:\/\/gustavogoni.com\/arte\/wp-content\/uploads\/2022\/07\/Gustavo-Goni-libro-Negatoscopio.jpg\" data-orig-size=\"1080,1080\" data-comments-opened=\"1\" data-image-meta=\"{&quot;aperture&quot;:&quot;1.7&quot;,&quot;credit&quot;:&quot;&quot;,&quot;camera&quot;:&quot;moto e(7) plus&quot;,&quot;caption&quot;:&quot;&quot;,&quot;created_timestamp&quot;:&quot;1641301026&quot;,&quot;copyright&quot;:&quot;&quot;,&quot;focal_length&quot;:&quot;4.71&quot;,&quot;iso&quot;:&quot;143&quot;,&quot;shutter_speed&quot;:&quot;0.02&quot;,&quot;title&quot;:&quot;&quot;,&quot;orientation&quot;:&quot;1&quot;}\" data-image-title=\"Gustavo-Goni-libro-Negatoscopio\" data-image-description=\"\" data-image-caption=\"\" data-large-file=\"https:\/\/gustavogoni.com\/arte\/wp-content\/uploads\/2022\/07\/Gustavo-Goni-libro-Negatoscopio-1024x1024.jpg\" src=\"https:\/\/gustavogoni.com\/arte\/wp-content\/uploads\/2022\/07\/Gustavo-Goni-libro-Negatoscopio-1024x1024.jpg\" alt=\"\" class=\"wp-image-235\" srcset=\"https:\/\/gustavogoni.com\/arte\/wp-content\/uploads\/2022\/07\/Gustavo-Goni-libro-Negatoscopio-1024x1024.jpg 1024w, https:\/\/gustavogoni.com\/arte\/wp-content\/uploads\/2022\/07\/Gustavo-Goni-libro-Negatoscopio-300x300.jpg 300w, https:\/\/gustavogoni.com\/arte\/wp-content\/uploads\/2022\/07\/Gustavo-Goni-libro-Negatoscopio-150x150.jpg 150w, https:\/\/gustavogoni.com\/arte\/wp-content\/uploads\/2022\/07\/Gustavo-Goni-libro-Negatoscopio-768x768.jpg 768w, https:\/\/gustavogoni.com\/arte\/wp-content\/uploads\/2022\/07\/Gustavo-Goni-libro-Negatoscopio.jpg 1080w\" sizes=\"auto, (max-width: 1024px) 100vw, 1024px\" \/><\/figure>\n<\/div>\n<\/div><\/div>\n","protected":false},"excerpt":{"rendered":"","protected":false},"author":2,"featured_media":0,"parent":0,"menu_order":0,"comment_status":"closed","ping_status":"closed","template":"page-templates\/template-pagebuilder-full-width.php","meta":{"neve_meta_sidebar":"full-width","neve_meta_container":"contained","neve_meta_enable_content_width":"on","neve_meta_content_width":100,"neve_meta_title_alignment":"","neve_meta_author_avatar":"","neve_post_elements_order":"","neve_meta_disable_header":"","neve_meta_disable_footer":"","neve_meta_disable_title":"","advanced_seo_description":"","jetpack_seo_html_title":"","jetpack_seo_noindex":false,"_themeisle_gutenberg_block_has_review":false,"footnotes":""},"class_list":["post-139","page","type-page","status-publish","hentry"],"jetpack_sharing_enabled":true,"jetpack_likes_enabled":true,"_links":{"self":[{"href":"https:\/\/gustavogoni.com\/arte\/wp-json\/wp\/v2\/pages\/139","targetHints":{"allow":["GET"]}}],"collection":[{"href":"https:\/\/gustavogoni.com\/arte\/wp-json\/wp\/v2\/pages"}],"about":[{"href":"https:\/\/gustavogoni.com\/arte\/wp-json\/wp\/v2\/types\/page"}],"author":[{"embeddable":true,"href":"https:\/\/gustavogoni.com\/arte\/wp-json\/wp\/v2\/users\/2"}],"replies":[{"embeddable":true,"href":"https:\/\/gustavogoni.com\/arte\/wp-json\/wp\/v2\/comments?post=139"}],"version-history":[{"count":11,"href":"https:\/\/gustavogoni.com\/arte\/wp-json\/wp\/v2\/pages\/139\/revisions"}],"predecessor-version":[{"id":1016,"href":"https:\/\/gustavogoni.com\/arte\/wp-json\/wp\/v2\/pages\/139\/revisions\/1016"}],"wp:attachment":[{"href":"https:\/\/gustavogoni.com\/arte\/wp-json\/wp\/v2\/media?parent=139"}],"curies":[{"name":"wp","href":"https:\/\/api.w.org\/{rel}","templated":true}]}}