{"id":1337,"date":"2025-09-19T18:10:50","date_gmt":"2025-09-19T21:10:50","guid":{"rendered":"https:\/\/gustavogoni.com\/arte\/?page_id=1337"},"modified":"2025-10-08T08:00:49","modified_gmt":"2025-10-08T11:00:49","slug":"caja-1-nino-de-piedra","status":"publish","type":"page","link":"https:\/\/gustavogoni.com\/arte\/obra\/ensamblado\/cajas-luminicas\/caja-1-nino-de-piedra\/","title":{"rendered":"CAJA #1- Ni\u00f1o de piedra"},"content":{"rendered":"\n<p>El cuarto principal de la casa ten\u00eda dos veladores: un ni\u00f1o y una ni\u00f1a hechos en porcelana. Uno de cada lado de la cama.<\/p>\n\n\n\n<p>Cuando la casa estuvo deshabitada, la imagen del ni\u00f1o apareci\u00f3 rota. <\/p>\n\n\n\n<p>Permaneci\u00f3 en una bolsa durante varios a\u00f1os. Paralelamente, tambi\u00e9n en espera, hab\u00eda seleccionado veinte piedras juntadas a la orilla del mar. De esa fusi\u00f3n, que llev\u00f3 su tiempo, surge la figura.<\/p>\n\n\n\n<p>El entorno (la caja\/diorama) es la recreaci\u00f3n de mi s\u00f3tano. El s\u00f3tano de mi casa, en donde me encerraba a jugar. Era un lugar de libertad para crear y recrear. Hab\u00eda un orificio en la pared, en donde me dijeron que hab\u00eda un tesoro escondido.<\/p>\n\n\n\n<p><\/p>\n\n\n\n<figure class=\"wp-block-image size-large\"><a href=\"https:\/\/gustavogoni.com\/arte\/wp-content\/uploads\/2025\/09\/04-2022-Nino-de-piedra-1-frente-foto-nueva-baja.jpg\"><img loading=\"lazy\" decoding=\"async\" width=\"1024\" height=\"682\" data-attachment-id=\"1338\" data-permalink=\"https:\/\/gustavogoni.com\/arte\/obra\/ensamblado\/cajas-luminicas\/caja-1-nino-de-piedra\/04-2022-nino-de-piedra-1-frente-foto-nueva-baja\/\" data-orig-file=\"https:\/\/gustavogoni.com\/arte\/wp-content\/uploads\/2025\/09\/04-2022-Nino-de-piedra-1-frente-foto-nueva-baja.jpg\" data-orig-size=\"1240,826\" data-comments-opened=\"1\" data-image-meta=\"{&quot;aperture&quot;:&quot;16&quot;,&quot;credit&quot;:&quot;&quot;,&quot;camera&quot;:&quot;Canon EOS 5D Mark IV&quot;,&quot;caption&quot;:&quot;&quot;,&quot;created_timestamp&quot;:&quot;1747179844&quot;,&quot;copyright&quot;:&quot;&quot;,&quot;focal_length&quot;:&quot;41&quot;,&quot;iso&quot;:&quot;160&quot;,&quot;shutter_speed&quot;:&quot;0.1&quot;,&quot;title&quot;:&quot;&quot;,&quot;orientation&quot;:&quot;1&quot;}\" data-image-title=\"04-2022-Ni\u00f1o de piedra &amp;#8211; 1 frente &amp;#8211; foto nueva baja\" data-image-description=\"\" data-image-caption=\"\" data-large-file=\"https:\/\/gustavogoni.com\/arte\/wp-content\/uploads\/2025\/09\/04-2022-Nino-de-piedra-1-frente-foto-nueva-baja-1024x682.jpg\" src=\"https:\/\/gustavogoni.com\/arte\/wp-content\/uploads\/2025\/09\/04-2022-Nino-de-piedra-1-frente-foto-nueva-baja-1024x682.jpg\" alt=\"\" class=\"wp-image-1338\" srcset=\"https:\/\/gustavogoni.com\/arte\/wp-content\/uploads\/2025\/09\/04-2022-Nino-de-piedra-1-frente-foto-nueva-baja-1024x682.jpg 1024w, https:\/\/gustavogoni.com\/arte\/wp-content\/uploads\/2025\/09\/04-2022-Nino-de-piedra-1-frente-foto-nueva-baja-300x200.jpg 300w, https:\/\/gustavogoni.com\/arte\/wp-content\/uploads\/2025\/09\/04-2022-Nino-de-piedra-1-frente-foto-nueva-baja-768x512.jpg 768w, https:\/\/gustavogoni.com\/arte\/wp-content\/uploads\/2025\/09\/04-2022-Nino-de-piedra-1-frente-foto-nueva-baja-930x620.jpg 930w, https:\/\/gustavogoni.com\/arte\/wp-content\/uploads\/2025\/09\/04-2022-Nino-de-piedra-1-frente-foto-nueva-baja.jpg 1240w\" sizes=\"auto, (max-width: 1024px) 100vw, 1024px\" \/><\/a><\/figure>\n\n\n\n<figure class=\"wp-block-video\"><video height=\"720\" style=\"aspect-ratio: 1280 \/ 720;\" width=\"1280\" controls loop muted src=\"https:\/\/gustavogoni.com\/arte\/wp-content\/uploads\/2025\/09\/04-2022-Nino-de-piedra-1-frente-video-2025.mp4\" playsinline><\/video><\/figure>\n\n\n\n<p><strong>SERIE DIORAMA &#8211; CAJA #1 &#8211; NI\u00d1O DE PIEDRA<\/strong><\/p>\n\n\n\n<p>T\u00e9cnica: ensamblado de objetos, cer\u00e1mica, piedra y fotograf\u00eda. Caja de madera con lente de aumento, iluminada.<\/p>\n\n\n\n<p id=\"block-d83464f0-3dab-428b-ac2b-89001a32c06c\">Fecha de realizaci\u00f3n: 2021<\/p>\n\n\n\n<p id=\"block-5588bbb6-91de-40fc-8683-0e9571bb48c7\">Medidas aprox.: 30 x 20 cm + 20 x 20 cm<\/p>\n\n\n\n<hr class=\"wp-block-separator has-alpha-channel-opacity\"\/>\n\n\n\n<p><strong><a href=\"https:\/\/gustavogoni.com\/arte\/obra\/ensamblado\/cajas-luminicas\/\" data-type=\"page\" data-id=\"638\">VOLVER A CAJAS LUM\u00cdNICAS (DIORAMAS)<\/a><\/strong><\/p>\n\n\n\n<p><strong><a href=\"https:\/\/gustavogoni.com\/arte\/muestras\/muestra-dioramas-relatos\/\" data-type=\"page\" data-id=\"1345\">IR A MUESTRA \u00abDIORAMAS \/ RELATOS, 2025\u00bb<\/a><\/strong><\/p>\n\n\n\n<p><\/p>\n","protected":false},"excerpt":{"rendered":"<p>El cuarto principal de la casa ten\u00eda dos veladores: un ni\u00f1o y una ni\u00f1a hechos en porcelana. Uno de cada lado de la cama. Cuando la casa estuvo deshabitada, la imagen del ni\u00f1o apareci\u00f3 rota. Permaneci\u00f3 en una bolsa durante varios a\u00f1os. Paralelamente, tambi\u00e9n en espera, hab\u00eda seleccionado veinte piedras juntadas a la orilla del&hellip;&nbsp;<a href=\"https:\/\/gustavogoni.com\/arte\/obra\/ensamblado\/cajas-luminicas\/caja-1-nino-de-piedra\/\" rel=\"bookmark\">Leer m\u00e1s &raquo;<span class=\"screen-reader-text\">CAJA #1- Ni\u00f1o de piedra<\/span><\/a><\/p>\n","protected":false},"author":2,"featured_media":0,"parent":638,"menu_order":0,"comment_status":"closed","ping_status":"closed","template":"","meta":{"neve_meta_sidebar":"","neve_meta_container":"","neve_meta_enable_content_width":"","neve_meta_content_width":0,"neve_meta_title_alignment":"","neve_meta_author_avatar":"","neve_post_elements_order":"","neve_meta_disable_header":"","neve_meta_disable_footer":"","neve_meta_disable_title":"","advanced_seo_description":"","jetpack_seo_html_title":"","jetpack_seo_noindex":false,"_themeisle_gutenberg_block_has_review":false,"footnotes":""},"class_list":["post-1337","page","type-page","status-publish","hentry"],"jetpack_sharing_enabled":true,"jetpack_likes_enabled":true,"_links":{"self":[{"href":"https:\/\/gustavogoni.com\/arte\/wp-json\/wp\/v2\/pages\/1337","targetHints":{"allow":["GET"]}}],"collection":[{"href":"https:\/\/gustavogoni.com\/arte\/wp-json\/wp\/v2\/pages"}],"about":[{"href":"https:\/\/gustavogoni.com\/arte\/wp-json\/wp\/v2\/types\/page"}],"author":[{"embeddable":true,"href":"https:\/\/gustavogoni.com\/arte\/wp-json\/wp\/v2\/users\/2"}],"replies":[{"embeddable":true,"href":"https:\/\/gustavogoni.com\/arte\/wp-json\/wp\/v2\/comments?post=1337"}],"version-history":[{"count":7,"href":"https:\/\/gustavogoni.com\/arte\/wp-json\/wp\/v2\/pages\/1337\/revisions"}],"predecessor-version":[{"id":1505,"href":"https:\/\/gustavogoni.com\/arte\/wp-json\/wp\/v2\/pages\/1337\/revisions\/1505"}],"up":[{"embeddable":true,"href":"https:\/\/gustavogoni.com\/arte\/wp-json\/wp\/v2\/pages\/638"}],"wp:attachment":[{"href":"https:\/\/gustavogoni.com\/arte\/wp-json\/wp\/v2\/media?parent=1337"}],"curies":[{"name":"wp","href":"https:\/\/api.w.org\/{rel}","templated":true}]}}