{"id":107,"date":"2020-03-24T07:34:36","date_gmt":"2020-03-24T07:34:36","guid":{"rendered":"https:\/\/demosites.io\/rokophoto-gb\/?page_id=107"},"modified":"2023-03-03T10:13:35","modified_gmt":"2023-03-03T13:13:35","slug":"obra","status":"publish","type":"page","link":"https:\/\/gustavogoni.com\/arte\/obra\/","title":{"rendered":"Obra"},"content":{"rendered":"<div class=\"wp-block-image\">\n<figure class=\"aligncenter size-medium is-resized\"><a href=\"https:\/\/gustavogoni.com\/arte\/wp-content\/uploads\/2022\/07\/Obra-Semejanzas-1-scaled.jpg\"><img loading=\"lazy\" decoding=\"async\" data-attachment-id=\"481\" data-permalink=\"https:\/\/gustavogoni.com\/arte\/obra\/diversa-maneras-de-abordar-el-cuerpo-desde-la-imagen\/\" data-orig-file=\"https:\/\/gustavogoni.com\/arte\/wp-content\/uploads\/2022\/07\/Obra-Semejanzas-1-scaled.jpg\" data-orig-size=\"2560,1440\" data-comments-opened=\"1\" data-image-meta=\"{&quot;aperture&quot;:&quot;0&quot;,&quot;credit&quot;:&quot;Usuario de Microsoft Office&quot;,&quot;camera&quot;:&quot;&quot;,&quot;caption&quot;:&quot;&quot;,&quot;created_timestamp&quot;:&quot;0&quot;,&quot;copyright&quot;:&quot;&quot;,&quot;focal_length&quot;:&quot;0&quot;,&quot;iso&quot;:&quot;0&quot;,&quot;shutter_speed&quot;:&quot;0&quot;,&quot;title&quot;:&quot;Diversa maneras de abordar el cuerpo desde la im\\u00e1gen&quot;,&quot;orientation&quot;:&quot;1&quot;}\" data-image-title=\"Diversa maneras de abordar el cuerpo desde la im\u00e1gen\" data-image-description=\"\" data-image-caption=\"\" data-large-file=\"https:\/\/gustavogoni.com\/arte\/wp-content\/uploads\/2022\/07\/Obra-Semejanzas-1-1024x576.jpg\" src=\"https:\/\/gustavogoni.com\/arte\/wp-content\/uploads\/2022\/07\/Obra-Semejanzas-1-300x169.jpg\" alt=\"\" class=\"wp-image-481\" width=\"943\" height=\"531\" srcset=\"https:\/\/gustavogoni.com\/arte\/wp-content\/uploads\/2022\/07\/Obra-Semejanzas-1-300x169.jpg 300w, https:\/\/gustavogoni.com\/arte\/wp-content\/uploads\/2022\/07\/Obra-Semejanzas-1-1024x576.jpg 1024w, https:\/\/gustavogoni.com\/arte\/wp-content\/uploads\/2022\/07\/Obra-Semejanzas-1-768x432.jpg 768w, https:\/\/gustavogoni.com\/arte\/wp-content\/uploads\/2022\/07\/Obra-Semejanzas-1-1536x864.jpg 1536w, https:\/\/gustavogoni.com\/arte\/wp-content\/uploads\/2022\/07\/Obra-Semejanzas-1-2048x1152.jpg 2048w\" sizes=\"auto, (max-width: 943px) 100vw, 943px\" \/><\/a><\/figure>\n<\/div>\n\n\n<p><\/p>\n\n\n\n<p class=\"has-medium-font-size\">La obra de Gustavo Go\u00f1i abarca multiplicidad de t\u00e9cnicas y de tem\u00e1ticas. Sin embargo, hay dos elementos recurrentes: el cuerpo y la luz. <\/p>\n\n\n\n<p class=\"has-medium-font-size\">Luz y cuerpo son punto de partida, materia prima y resultado final. Cuerpos que salen a la luz. Luz que ilumina los cuerpos. \u00d3rganos, tejidos, huesos, piel, rostros y siluetas.<\/p>\n\n\n\n<p class=\"has-medium-font-size\">La representaci\u00f3n del \u00abcuerpo\u00bb -humano o de los seres de la naturaleza- est\u00e1 filtrado por los hitos que marcaron su vida: el sanatorio de su padre, contiguo a su casa, donde transcurri\u00f3 su infancia; la taxonom\u00eda de la agronom\u00eda (carrera que curs\u00f3 \u00edntegramente en la Universidad, adem\u00e1s de Bellas Artes); y la b\u00fasqueda de la belleza corporal propia de la fotograf\u00eda de moda.<\/p>\n\n\n\n<p class=\"has-medium-font-size\">En el recorrido art\u00edstico de Gustavo Go\u00f1i se indagan los l\u00edmites de lo gr\u00e1fico: el dibujo, la fotograf\u00eda y el montaje.<br>Junto con eso, una convivencia entre lo anal\u00f3gico y lo digital, en funci\u00f3n de una idea, de un concepto, de una b\u00fasqueda.<\/p>\n\n\n\n<p class=\"has-medium-font-size\">En este sitio se hace una selecci\u00f3n de su obra organizada en las categor\u00edas abajo detalladas, haciendo la salvedad de que soportes y categor\u00edas se \u00abcruzan\u00bb permanentemente, \u00abdialogan\u00bb entre s\u00ed y con otras disciplinas, otros artistas, otras realidades.  <\/p>\n\n\n\n<hr class=\"wp-block-separator has-alpha-channel-opacity\"\/>\n\n\n\n<p class=\"has-medium-font-size\">Ese cruce de t\u00e9cnicas y disciplinas toma distintas formas y figuras a lo largo de la obra de Gustavo Go\u00f1i, como por ejemplo esa composici\u00f3n que re\u00fane fotograf\u00eda y grabado sobre una placa radiogr\u00e1fica:<\/p>\n\n\n<div class=\"wp-block-image\">\n<figure class=\"aligncenter size-large\"><a href=\"https:\/\/gustavogoni.com\/arte\/wp-content\/uploads\/2023\/03\/11-1999-Colllage-fotografia-y-grabado-scaled.jpg\"><img loading=\"lazy\" decoding=\"async\" width=\"1024\" height=\"576\" data-attachment-id=\"813\" data-permalink=\"https:\/\/gustavogoni.com\/arte\/obra\/11-1999-colllage-fotografia-y-grabado\/\" data-orig-file=\"https:\/\/gustavogoni.com\/arte\/wp-content\/uploads\/2023\/03\/11-1999-Colllage-fotografia-y-grabado-scaled.jpg\" data-orig-size=\"2560,1440\" data-comments-opened=\"1\" data-image-meta=\"{&quot;aperture&quot;:&quot;0&quot;,&quot;credit&quot;:&quot;&quot;,&quot;camera&quot;:&quot;&quot;,&quot;caption&quot;:&quot;&quot;,&quot;created_timestamp&quot;:&quot;0&quot;,&quot;copyright&quot;:&quot;&quot;,&quot;focal_length&quot;:&quot;0&quot;,&quot;iso&quot;:&quot;0&quot;,&quot;shutter_speed&quot;:&quot;0&quot;,&quot;title&quot;:&quot;&quot;,&quot;orientation&quot;:&quot;0&quot;}\" data-image-title=\"11-1999-Colllage-fotografia-y-grabado\" data-image-description=\"\" data-image-caption=\"\" data-large-file=\"https:\/\/gustavogoni.com\/arte\/wp-content\/uploads\/2023\/03\/11-1999-Colllage-fotografia-y-grabado-1024x576.jpg\" src=\"https:\/\/gustavogoni.com\/arte\/wp-content\/uploads\/2023\/03\/11-1999-Colllage-fotografia-y-grabado-1024x576.jpg\" alt=\"\" class=\"wp-image-813\" srcset=\"https:\/\/gustavogoni.com\/arte\/wp-content\/uploads\/2023\/03\/11-1999-Colllage-fotografia-y-grabado-1024x576.jpg 1024w, https:\/\/gustavogoni.com\/arte\/wp-content\/uploads\/2023\/03\/11-1999-Colllage-fotografia-y-grabado-300x169.jpg 300w, https:\/\/gustavogoni.com\/arte\/wp-content\/uploads\/2023\/03\/11-1999-Colllage-fotografia-y-grabado-768x432.jpg 768w, https:\/\/gustavogoni.com\/arte\/wp-content\/uploads\/2023\/03\/11-1999-Colllage-fotografia-y-grabado-1536x864.jpg 1536w, https:\/\/gustavogoni.com\/arte\/wp-content\/uploads\/2023\/03\/11-1999-Colllage-fotografia-y-grabado-2048x1152.jpg 2048w\" sizes=\"auto, (max-width: 1024px) 100vw, 1024px\" \/><\/a><\/figure>\n<\/div>\n\n\n<p class=\"has-medium-font-size\"> <\/p>\n\n\n\n<p class=\"has-medium-font-size\">O esta caja entomol\u00f3gica con insectos y copias fotogr\u00e1ficas:<\/p>\n\n\n\n<p><\/p>\n\n\n<div class=\"wp-block-image\">\n<figure class=\"aligncenter size-large\"><a href=\"https:\/\/gustavogoni.com\/arte\/wp-content\/uploads\/2023\/03\/11-1997-Caja-Entomologica-30x45cm-scaled.jpg\"><img loading=\"lazy\" decoding=\"async\" width=\"1024\" height=\"576\" data-attachment-id=\"819\" data-permalink=\"https:\/\/gustavogoni.com\/arte\/obra\/11-1997-caja-entomologica-30x45cm\/\" data-orig-file=\"https:\/\/gustavogoni.com\/arte\/wp-content\/uploads\/2023\/03\/11-1997-Caja-Entomologica-30x45cm-scaled.jpg\" data-orig-size=\"2560,1440\" data-comments-opened=\"1\" data-image-meta=\"{&quot;aperture&quot;:&quot;0&quot;,&quot;credit&quot;:&quot;&quot;,&quot;camera&quot;:&quot;&quot;,&quot;caption&quot;:&quot;&quot;,&quot;created_timestamp&quot;:&quot;0&quot;,&quot;copyright&quot;:&quot;&quot;,&quot;focal_length&quot;:&quot;0&quot;,&quot;iso&quot;:&quot;0&quot;,&quot;shutter_speed&quot;:&quot;0&quot;,&quot;title&quot;:&quot;&quot;,&quot;orientation&quot;:&quot;0&quot;}\" data-image-title=\"11-1997-Caja-Entomologica-30x45cm\" data-image-description=\"\" data-image-caption=\"\" data-large-file=\"https:\/\/gustavogoni.com\/arte\/wp-content\/uploads\/2023\/03\/11-1997-Caja-Entomologica-30x45cm-1024x576.jpg\" src=\"https:\/\/gustavogoni.com\/arte\/wp-content\/uploads\/2023\/03\/11-1997-Caja-Entomologica-30x45cm-1024x576.jpg\" alt=\"\" class=\"wp-image-819\" srcset=\"https:\/\/gustavogoni.com\/arte\/wp-content\/uploads\/2023\/03\/11-1997-Caja-Entomologica-30x45cm-1024x576.jpg 1024w, https:\/\/gustavogoni.com\/arte\/wp-content\/uploads\/2023\/03\/11-1997-Caja-Entomologica-30x45cm-300x169.jpg 300w, https:\/\/gustavogoni.com\/arte\/wp-content\/uploads\/2023\/03\/11-1997-Caja-Entomologica-30x45cm-768x432.jpg 768w, https:\/\/gustavogoni.com\/arte\/wp-content\/uploads\/2023\/03\/11-1997-Caja-Entomologica-30x45cm-1536x864.jpg 1536w, https:\/\/gustavogoni.com\/arte\/wp-content\/uploads\/2023\/03\/11-1997-Caja-Entomologica-30x45cm-2048x1152.jpg 2048w\" sizes=\"auto, (max-width: 1024px) 100vw, 1024px\" \/><\/a><\/figure>\n<\/div>\n\n\n<p><\/p>\n\n\n\n<p class=\"has-medium-font-size\">El di\u00e1logo entre Bellas Artes y fotograf\u00eda de moda se hace expl\u00edcito en el bosquejo de tomas, en el storytelling de producciones. En este caso, dibujo previo a ensayo fotogr\u00e1fico <\/p>\n\n\n<div class=\"wp-block-image\">\n<figure class=\"aligncenter size-large\"><a href=\"https:\/\/gustavogoni.com\/arte\/wp-content\/uploads\/2023\/03\/11-1997-Dibujo-y-fotografia.jpg\"><img loading=\"lazy\" decoding=\"async\" width=\"1024\" height=\"576\" data-attachment-id=\"814\" data-permalink=\"https:\/\/gustavogoni.com\/arte\/obra\/11-1997-dibujo-y-fotografia\/\" data-orig-file=\"https:\/\/gustavogoni.com\/arte\/wp-content\/uploads\/2023\/03\/11-1997-Dibujo-y-fotografia.jpg\" data-orig-size=\"2227,1253\" data-comments-opened=\"1\" data-image-meta=\"{&quot;aperture&quot;:&quot;0&quot;,&quot;credit&quot;:&quot;&quot;,&quot;camera&quot;:&quot;&quot;,&quot;caption&quot;:&quot;&quot;,&quot;created_timestamp&quot;:&quot;0&quot;,&quot;copyright&quot;:&quot;&quot;,&quot;focal_length&quot;:&quot;0&quot;,&quot;iso&quot;:&quot;0&quot;,&quot;shutter_speed&quot;:&quot;0&quot;,&quot;title&quot;:&quot;&quot;,&quot;orientation&quot;:&quot;0&quot;}\" data-image-title=\"11-1997-Dibujo-y-fotografia\" data-image-description=\"\" data-image-caption=\"\" data-large-file=\"https:\/\/gustavogoni.com\/arte\/wp-content\/uploads\/2023\/03\/11-1997-Dibujo-y-fotografia-1024x576.jpg\" src=\"https:\/\/gustavogoni.com\/arte\/wp-content\/uploads\/2023\/03\/11-1997-Dibujo-y-fotografia-1024x576.jpg\" alt=\"\" class=\"wp-image-814\" srcset=\"https:\/\/gustavogoni.com\/arte\/wp-content\/uploads\/2023\/03\/11-1997-Dibujo-y-fotografia-1024x576.jpg 1024w, https:\/\/gustavogoni.com\/arte\/wp-content\/uploads\/2023\/03\/11-1997-Dibujo-y-fotografia-300x169.jpg 300w, https:\/\/gustavogoni.com\/arte\/wp-content\/uploads\/2023\/03\/11-1997-Dibujo-y-fotografia-768x432.jpg 768w, https:\/\/gustavogoni.com\/arte\/wp-content\/uploads\/2023\/03\/11-1997-Dibujo-y-fotografia-1536x864.jpg 1536w, https:\/\/gustavogoni.com\/arte\/wp-content\/uploads\/2023\/03\/11-1997-Dibujo-y-fotografia-2048x1152.jpg 2048w\" sizes=\"auto, (max-width: 1024px) 100vw, 1024px\" \/><\/a><\/figure>\n<\/div>\n\n\n<p><\/p>\n\n\n\n<p class=\"has-medium-font-size\">Se observa tambi\u00e9n la evoluci\u00f3n temporal de lo anal\u00f3gico a lo digital. De un dibujo original de tinta sobre papel, hecho en 1992, a un montaje digital en 2019, y luego su exposici\u00f3n dentro de una caja de luz, en el marco de la muestra \u00abNegatoscopio\u00bb (2021):<\/p>\n\n\n<div class=\"wp-block-image\">\n<figure class=\"aligncenter size-large\"><a href=\"https:\/\/gustavogoni.com\/arte\/wp-content\/uploads\/2023\/03\/11-19922019-Dibujodigitalizacion-scaled.jpg\"><img loading=\"lazy\" decoding=\"async\" width=\"1024\" height=\"576\" data-attachment-id=\"815\" data-permalink=\"https:\/\/gustavogoni.com\/arte\/obra\/11-19922019-dibujodigitalizacion\/\" data-orig-file=\"https:\/\/gustavogoni.com\/arte\/wp-content\/uploads\/2023\/03\/11-19922019-Dibujodigitalizacion-scaled.jpg\" data-orig-size=\"2560,1440\" data-comments-opened=\"1\" data-image-meta=\"{&quot;aperture&quot;:&quot;0&quot;,&quot;credit&quot;:&quot;&quot;,&quot;camera&quot;:&quot;&quot;,&quot;caption&quot;:&quot;&quot;,&quot;created_timestamp&quot;:&quot;0&quot;,&quot;copyright&quot;:&quot;&quot;,&quot;focal_length&quot;:&quot;0&quot;,&quot;iso&quot;:&quot;0&quot;,&quot;shutter_speed&quot;:&quot;0&quot;,&quot;title&quot;:&quot;&quot;,&quot;orientation&quot;:&quot;0&quot;}\" data-image-title=\"11-19922019-Dibujodigitalizacion\" data-image-description=\"\" data-image-caption=\"\" data-large-file=\"https:\/\/gustavogoni.com\/arte\/wp-content\/uploads\/2023\/03\/11-19922019-Dibujodigitalizacion-1024x576.jpg\" src=\"https:\/\/gustavogoni.com\/arte\/wp-content\/uploads\/2023\/03\/11-19922019-Dibujodigitalizacion-1024x576.jpg\" alt=\"\" class=\"wp-image-815\" srcset=\"https:\/\/gustavogoni.com\/arte\/wp-content\/uploads\/2023\/03\/11-19922019-Dibujodigitalizacion-1024x576.jpg 1024w, https:\/\/gustavogoni.com\/arte\/wp-content\/uploads\/2023\/03\/11-19922019-Dibujodigitalizacion-300x169.jpg 300w, https:\/\/gustavogoni.com\/arte\/wp-content\/uploads\/2023\/03\/11-19922019-Dibujodigitalizacion-768x432.jpg 768w, https:\/\/gustavogoni.com\/arte\/wp-content\/uploads\/2023\/03\/11-19922019-Dibujodigitalizacion-1536x864.jpg 1536w, https:\/\/gustavogoni.com\/arte\/wp-content\/uploads\/2023\/03\/11-19922019-Dibujodigitalizacion-2048x1152.jpg 2048w\" sizes=\"auto, (max-width: 1024px) 100vw, 1024px\" \/><\/a><\/figure>\n<\/div>\n\n\n<p><\/p>\n\n\n<div class=\"wp-block-image\">\n<figure class=\"aligncenter size-large\"><a href=\"https:\/\/gustavogoni.com\/arte\/wp-content\/uploads\/2023\/03\/Negatoscopio-Ph-Walter-Salcedo-2.jpg\"><img loading=\"lazy\" decoding=\"async\" width=\"1024\" height=\"682\" data-attachment-id=\"816\" data-permalink=\"https:\/\/gustavogoni.com\/arte\/obra\/negatoscopio-ph-walter-salcedo-2-2\/\" data-orig-file=\"https:\/\/gustavogoni.com\/arte\/wp-content\/uploads\/2023\/03\/Negatoscopio-Ph-Walter-Salcedo-2.jpg\" data-orig-size=\"1080,719\" data-comments-opened=\"1\" data-image-meta=\"{&quot;aperture&quot;:&quot;9&quot;,&quot;credit&quot;:&quot;&quot;,&quot;camera&quot;:&quot;Canon EOS 5D Mark IV&quot;,&quot;caption&quot;:&quot;&quot;,&quot;created_timestamp&quot;:&quot;1623957857&quot;,&quot;copyright&quot;:&quot;&quot;,&quot;focal_length&quot;:&quot;24&quot;,&quot;iso&quot;:&quot;100&quot;,&quot;shutter_speed&quot;:&quot;0.25&quot;,&quot;title&quot;:&quot;&quot;,&quot;orientation&quot;:&quot;1&quot;}\" data-image-title=\"Negatoscopio-Ph-Walter-Salcedo-2\" data-image-description=\"\" data-image-caption=\"\" data-large-file=\"https:\/\/gustavogoni.com\/arte\/wp-content\/uploads\/2023\/03\/Negatoscopio-Ph-Walter-Salcedo-2-1024x682.jpg\" src=\"https:\/\/gustavogoni.com\/arte\/wp-content\/uploads\/2023\/03\/Negatoscopio-Ph-Walter-Salcedo-2-1024x682.jpg\" alt=\"\" class=\"wp-image-816\" srcset=\"https:\/\/gustavogoni.com\/arte\/wp-content\/uploads\/2023\/03\/Negatoscopio-Ph-Walter-Salcedo-2-1024x682.jpg 1024w, https:\/\/gustavogoni.com\/arte\/wp-content\/uploads\/2023\/03\/Negatoscopio-Ph-Walter-Salcedo-2-300x200.jpg 300w, https:\/\/gustavogoni.com\/arte\/wp-content\/uploads\/2023\/03\/Negatoscopio-Ph-Walter-Salcedo-2-768x511.jpg 768w, https:\/\/gustavogoni.com\/arte\/wp-content\/uploads\/2023\/03\/Negatoscopio-Ph-Walter-Salcedo-2-930x620.jpg 930w, https:\/\/gustavogoni.com\/arte\/wp-content\/uploads\/2023\/03\/Negatoscopio-Ph-Walter-Salcedo-2.jpg 1080w\" sizes=\"auto, (max-width: 1024px) 100vw, 1024px\" \/><\/a><\/figure>\n<\/div>\n\n\n<hr class=\"wp-block-separator has-alpha-channel-opacity\"\/>\n\n\n\n<p class=\"has-text-align-center has-medium-font-size\"><strong>PARA CONOCER OBRAS DESTACADAS POR T\u00c9CNICA O DISCIPLINA:<\/strong><\/p>\n\n\n\n<div class=\"wp-block-group alignwide\"><div class=\"wp-block-group__inner-container is-layout-flow wp-block-group-is-layout-flow\"><\/div><\/div>\n\n\n\n<div class=\"wp-block-columns is-layout-flex wp-container-core-columns-is-layout-9d6595d7 wp-block-columns-is-layout-flex\">\n<div class=\"wp-block-column is-layout-flow wp-block-column-is-layout-flow\">\n<p class=\"has-text-align-center has-medium-font-size\"><a href=\"https:\/\/gustavogoni.com\/arte\/obra\/dibujo\/\" data-type=\"page\" data-id=\"254\">Dibujo<\/a><\/p>\n\n\n\n<p class=\"has-text-align-center has-medium-font-size\"><a href=\"https:\/\/gustavogoni.com\/arte\/obra\/pintura\/\" data-type=\"page\" data-id=\"256\">Pintura<\/a><\/p>\n\n\n\n<p class=\"has-text-align-center has-medium-font-size\"><a href=\"https:\/\/gustavogoni.com\/arte\/obra\/fotografia\/\" data-type=\"page\" data-id=\"258\">Fotograf\u00eda<\/a><\/p>\n\n\n\n<p class=\"has-text-align-center has-medium-font-size\"><a href=\"https:\/\/gustavogoni.com\/arte\/obra\/ensamblado\/\" data-type=\"page\" data-id=\"260\">Ensamblado<\/a><\/p>\n\n\n\n<p class=\"has-text-align-center has-medium-font-size\"><a rel=\"noreferrer noopener\" href=\"https:\/\/gustavogoni.com\/arte\/obra\/escultura\/\" data-type=\"page\" data-id=\"262\" target=\"_blank\">Escultura<\/a><\/p>\n<\/div>\n\n\n\n<div class=\"wp-block-column is-layout-flow wp-block-column-is-layout-flow\">\n<p class=\"has-text-align-center has-medium-font-size\"><a href=\"https:\/\/gustavogoni.com\/arte\/obra\/instalacion\/\" data-type=\"page\" data-id=\"264\">Instalaci\u00f3n<\/a><\/p>\n\n\n\n<p class=\"has-text-align-center has-medium-font-size\"><\/p>\n\n\n\n<p class=\"has-text-align-center has-medium-font-size\"><a href=\"https:\/\/gustavogoni.com\/arte\/obra\/grabado\/\" data-type=\"page\" data-id=\"270\">Grabado<\/a><\/p>\n\n\n\n<p class=\"has-text-align-center has-medium-font-size\"><a href=\"https:\/\/gustavogoni.com\/arte\/obra\/bocetos\/\" data-type=\"page\" data-id=\"272\">Bocetos<\/a><\/p>\n<\/div>\n<\/div>\n","protected":false},"excerpt":{"rendered":"<p>La obra de Gustavo Go\u00f1i abarca multiplicidad de t\u00e9cnicas y de tem\u00e1ticas. Sin embargo, hay dos elementos recurrentes: el cuerpo y la luz. Luz y cuerpo son punto de partida, materia prima y resultado final. Cuerpos que salen a la luz. Luz que ilumina los cuerpos. \u00d3rganos, tejidos, huesos, piel, rostros y siluetas. La representaci\u00f3n&hellip;&nbsp;<a href=\"https:\/\/gustavogoni.com\/arte\/obra\/\" rel=\"bookmark\">Leer m\u00e1s &raquo;<span class=\"screen-reader-text\">Obra<\/span><\/a><\/p>\n","protected":false},"author":2,"featured_media":0,"parent":0,"menu_order":0,"comment_status":"closed","ping_status":"closed","template":"","meta":{"neve_meta_sidebar":"full-width","neve_meta_container":"contained","neve_meta_enable_content_width":"on","neve_meta_content_width":100,"neve_meta_title_alignment":"","neve_meta_author_avatar":"","neve_post_elements_order":"","neve_meta_disable_header":"","neve_meta_disable_footer":"","neve_meta_disable_title":"","advanced_seo_description":"","jetpack_seo_html_title":"","jetpack_seo_noindex":false,"_themeisle_gutenberg_block_has_review":false,"footnotes":""},"class_list":["post-107","page","type-page","status-publish","hentry"],"jetpack_sharing_enabled":true,"jetpack_likes_enabled":true,"_links":{"self":[{"href":"https:\/\/gustavogoni.com\/arte\/wp-json\/wp\/v2\/pages\/107","targetHints":{"allow":["GET"]}}],"collection":[{"href":"https:\/\/gustavogoni.com\/arte\/wp-json\/wp\/v2\/pages"}],"about":[{"href":"https:\/\/gustavogoni.com\/arte\/wp-json\/wp\/v2\/types\/page"}],"author":[{"embeddable":true,"href":"https:\/\/gustavogoni.com\/arte\/wp-json\/wp\/v2\/users\/2"}],"replies":[{"embeddable":true,"href":"https:\/\/gustavogoni.com\/arte\/wp-json\/wp\/v2\/comments?post=107"}],"version-history":[{"count":19,"href":"https:\/\/gustavogoni.com\/arte\/wp-json\/wp\/v2\/pages\/107\/revisions"}],"predecessor-version":[{"id":850,"href":"https:\/\/gustavogoni.com\/arte\/wp-json\/wp\/v2\/pages\/107\/revisions\/850"}],"wp:attachment":[{"href":"https:\/\/gustavogoni.com\/arte\/wp-json\/wp\/v2\/media?parent=107"}],"curies":[{"name":"wp","href":"https:\/\/api.w.org\/{rel}","templated":true}]}}